{"id":695068,"date":"2026-03-16T16:01:07","date_gmt":"2026-03-16T15:01:07","guid":{"rendered":"https:\/\/shop.kustom.ch\/?post_type=product&#038;p=695068"},"modified":"2026-03-31T08:41:12","modified_gmt":"2026-03-31T07:41:12","slug":"titan-sicherheitsschuh-s3l","status":"publish","type":"product","link":"https:\/\/shop.kustom.ch\/it\/prodotto\/titan-sicherheitsschuh-s3l\/","title":{"rendered":"Scarpa di sicurezza TITAN S3L"},"content":{"rendered":"<p>Scarpa di sicurezza comoda e robusta con tomaia in microfibra idrorepellente e resistente. La scarpa protegge il piede con un puntale in materiale composito e un'intersuola tessile elastica e resistente alle forature, in conformit\u00e0 con lo standard PL. La scarpa \u00e8 dotata di una suola in PU antiscivolo e l'intersuola in PU garantisce un assorbimento ottimale degli urti. La soletta offre un supporto anatomico ed \u00e8 realizzata in morbido materiale PU rivestito in tessuto, con un buon assorbimento dell'umidit\u00e0. Ideale per i lavori di costruzione, trasporto, manutenzione, riparazione e operazioni. Forma da donna nelle taglie 35-39 Tomaia in microfibra idrorepellente e resistente Puntale in materiale composito privo di metallo Intersuola in tessuto elastico e antiperforazione secondo lo standard PL Supporto anatomico della soletta in PU morbido e ammortizzante con superficie tessile che assorbe l'umidit\u00e0 Suola in PU antiscivolo<\/p>","protected":false},"excerpt":{"rendered":"<p>Ein bequemer und robuster Sicherheitsschuh mit einem Obermaterial aus wasserabweisender und strapazierf\u00e4higer Mikrofaser. Der Schuh sch\u00fctzt den Fuss durch eine Komposit-Zehenschutzkappe und eine elastische, durchtrittsichere Zwischensohle aus Textil nach PL-Norm. Der Schuh besteht aus einer rutschhemmenden Laufsohle aus PU und die Zwischensohle aus PU sorgt f\u00fcr eine optimale Stossd\u00e4mpfung. Die Innensohle bietet eine anatomische Unterst\u00fctzung [&hellip;]<\/p>\n","protected":false},"featured_media":695099,"template":"","meta":[],"product_brand":[],"product_cat":[4197],"product_tag":[],"class_list":{"0":"post-695068","1":"product","2":"type-product","3":"status-publish","4":"has-post-thumbnail","6":"product_cat-schuhe-sandalen","7":"pa_brand-blaklaeder","8":"pa_brand-type-workwear","9":"pa_filter-color-schwarz","11":"first","12":"instock","13":"sale","14":"taxable","15":"shipping-taxable","16":"purchasable","17":"product-type-variable","18":"add-to-wishlist-before_image"},"exclude_global_add_ons":[],"addons":[],"acf":[],"_links":{"self":[{"href":"https:\/\/shop.kustom.ch\/it\/wp-json\/wp\/v2\/product\/695068"}],"collection":[{"href":"https:\/\/shop.kustom.ch\/it\/wp-json\/wp\/v2\/product"}],"about":[{"href":"https:\/\/shop.kustom.ch\/it\/wp-json\/wp\/v2\/types\/product"}],"wp:featuredmedia":[{"embeddable":true,"href":"https:\/\/shop.kustom.ch\/it\/wp-json\/wp\/v2\/media\/695099"}],"wp:attachment":[{"href":"https:\/\/shop.kustom.ch\/it\/wp-json\/wp\/v2\/media?parent=695068"}],"wp:term":[{"taxonomy":"product_brand","embeddable":true,"href":"https:\/\/shop.kustom.ch\/it\/wp-json\/wp\/v2\/product_brand?post=695068"},{"taxonomy":"product_cat","embeddable":true,"href":"https:\/\/shop.kustom.ch\/it\/wp-json\/wp\/v2\/product_cat?post=695068"},{"taxonomy":"product_tag","embeddable":true,"href":"https:\/\/shop.kustom.ch\/it\/wp-json\/wp\/v2\/product_tag?post=695068"}],"curies":[{"name":"wp","href":"https:\/\/api.w.org\/{rel}","templated":true}]}}