{"id":695031,"date":"2026-03-16T15:59:57","date_gmt":"2026-03-16T14:59:57","guid":{"rendered":"https:\/\/shop.kustom.ch\/?post_type=product&#038;p=695031"},"modified":"2026-03-31T08:39:46","modified_gmt":"2026-03-31T07:39:46","slug":"blaklaeder-toolrig-adapter-fuer-hammerhalter","status":"publish","type":"product","link":"https:\/\/shop.kustom.ch\/it\/prodotto\/blaklaeder-toolrig-adapter-fuer-hammerhalter\/","title":{"rendered":"Bl\u00e5kl\u00e4der ToolRig\u2122 adattatore per portamartello"},"content":{"rendered":"<p>Questo adattatore \u00e8 stato sviluppato per il sistema Bl\u00e5kl\u00e4der ToolRig\u2122 e consente di fissare un portamartello standard esattamente dove si desidera. Attaccate il portamartello, fissatelo alla cintura e il gioco \u00e8 fatto. La chiusura in velcro consente un fissaggio rapido, facile e flessibile, per cui non \u00e8 necessaria alcuna cintura.<\/p>","protected":false},"excerpt":{"rendered":"<p>Questo adattatore \u00e8 stato sviluppato per il sistema Bl\u00e5kl\u00e4der ToolRig\u2122 e consente di fissare un portamartello standard esattamente dove si desidera. Attaccate il portamartello, fissatelo alla cintura e il gioco \u00e8 fatto. La chiusura in velcro consente un fissaggio rapido, facile e flessibile, per cui non \u00e8 necessaria alcuna cintura.<\/p>","protected":false},"featured_media":695038,"template":"","meta":[],"product_brand":[],"product_cat":[4209],"product_tag":[],"class_list":{"0":"post-695031","1":"product","2":"type-product","3":"status-publish","4":"has-post-thumbnail","6":"product_cat-zubehoer","7":"pa_brand-blaklaeder","8":"pa_brand-type-workwear","9":"pa_filter-color-schwarz","11":"first","12":"instock","13":"sale","14":"taxable","15":"shipping-taxable","16":"purchasable","17":"product-type-variable","18":"add-to-wishlist-before_image"},"exclude_global_add_ons":[],"addons":[],"acf":[],"_links":{"self":[{"href":"https:\/\/shop.kustom.ch\/it\/wp-json\/wp\/v2\/product\/695031"}],"collection":[{"href":"https:\/\/shop.kustom.ch\/it\/wp-json\/wp\/v2\/product"}],"about":[{"href":"https:\/\/shop.kustom.ch\/it\/wp-json\/wp\/v2\/types\/product"}],"wp:featuredmedia":[{"embeddable":true,"href":"https:\/\/shop.kustom.ch\/it\/wp-json\/wp\/v2\/media\/695038"}],"wp:attachment":[{"href":"https:\/\/shop.kustom.ch\/it\/wp-json\/wp\/v2\/media?parent=695031"}],"wp:term":[{"taxonomy":"product_brand","embeddable":true,"href":"https:\/\/shop.kustom.ch\/it\/wp-json\/wp\/v2\/product_brand?post=695031"},{"taxonomy":"product_cat","embeddable":true,"href":"https:\/\/shop.kustom.ch\/it\/wp-json\/wp\/v2\/product_cat?post=695031"},{"taxonomy":"product_tag","embeddable":true,"href":"https:\/\/shop.kustom.ch\/it\/wp-json\/wp\/v2\/product_tag?post=695031"}],"curies":[{"name":"wp","href":"https:\/\/api.w.org\/{rel}","templated":true}]}}