{"id":695027,"date":"2026-03-16T15:59:50","date_gmt":"2026-03-16T14:59:50","guid":{"rendered":"https:\/\/shop.kustom.ch\/?post_type=product&#038;p=695027"},"modified":"2026-03-31T08:39:05","modified_gmt":"2026-03-31T07:39:05","slug":"schlauchtuch-merino","status":"publish","type":"product","link":"https:\/\/shop.kustom.ch\/it\/prodotto\/schlauchtuch-merino\/","title":{"rendered":"Sciarpa tubolare in merino"},"content":{"rendered":"<p>Sciarpa a tubo elegante e morbida, realizzata con la migliore lana merino. Il tessuto \u00e8 traspirante e mantiene il calore grazie alle propriet\u00e0 uniche della lana. Perfetta per le fredde giornate invernali, pu\u00f2 essere indossata come sciarpa o bandana per proteggere la testa e il viso.<\/p>\n<p>85% lana merino 15% poliammide riciclata, single jersey, regolazione dell'umidit\u00e0, 120g\/m\u00b2<\/p>","protected":false},"excerpt":{"rendered":"<p>Stylisches und weiches Schlauchtuch aus feinster Merinowolle. Der Stoff ist atmungsaktiv und h\u00e4lt mit den einzigartigen Eigenschaften der Wolle warm. Perfekt f\u00fcr kalte Wintertage, da es als Schal oder Bandana zum Schutz f\u00fcr Kopf und Gesicht getragen werden kann. 85% Merinowolle 15% recyceltes Polyamid, Single-Jersey, feuchtigkeitsregulierend, 120g\/m\u00b2<\/p>","protected":false},"featured_media":695028,"template":"","meta":[],"product_brand":[],"product_cat":[4209],"product_tag":[],"class_list":{"0":"post-695027","1":"product","2":"type-product","3":"status-publish","4":"has-post-thumbnail","6":"product_cat-zubehoer","7":"pa_brand-blaklaeder","8":"pa_brand-type-workwear","9":"pa_filter-color-schwarz","11":"first","12":"instock","13":"sale","14":"taxable","15":"shipping-taxable","16":"purchasable","17":"product-type-variable","18":"add-to-wishlist-before_image"},"exclude_global_add_ons":[],"addons":[],"acf":[],"_links":{"self":[{"href":"https:\/\/shop.kustom.ch\/it\/wp-json\/wp\/v2\/product\/695027"}],"collection":[{"href":"https:\/\/shop.kustom.ch\/it\/wp-json\/wp\/v2\/product"}],"about":[{"href":"https:\/\/shop.kustom.ch\/it\/wp-json\/wp\/v2\/types\/product"}],"wp:featuredmedia":[{"embeddable":true,"href":"https:\/\/shop.kustom.ch\/it\/wp-json\/wp\/v2\/media\/695028"}],"wp:attachment":[{"href":"https:\/\/shop.kustom.ch\/it\/wp-json\/wp\/v2\/media?parent=695027"}],"wp:term":[{"taxonomy":"product_brand","embeddable":true,"href":"https:\/\/shop.kustom.ch\/it\/wp-json\/wp\/v2\/product_brand?post=695027"},{"taxonomy":"product_cat","embeddable":true,"href":"https:\/\/shop.kustom.ch\/it\/wp-json\/wp\/v2\/product_cat?post=695027"},{"taxonomy":"product_tag","embeddable":true,"href":"https:\/\/shop.kustom.ch\/it\/wp-json\/wp\/v2\/product_tag?post=695027"}],"curies":[{"name":"wp","href":"https:\/\/api.w.org\/{rel}","templated":true}]}}