{"id":695009,"date":"2026-03-16T15:59:07","date_gmt":"2026-03-16T14:59:07","guid":{"rendered":"https:\/\/shop.kustom.ch\/?post_type=product&#038;p=695009"},"modified":"2026-03-31T08:38:36","modified_gmt":"2026-03-31T07:38:36","slug":"sturmhaube-2","status":"publish","type":"product","link":"https:\/\/shop.kustom.ch\/it\/prodotto\/sturmhaube-2\/","title":{"rendered":"Passamontagna"},"content":{"rendered":"<p>Un passamontagna versatile con una struttura a griglia che offre un buon isolamento e un'efficace gestione dell'umidit\u00e0. Il materiale \u00e8 morbido sulla pelle ed \u00e8 adatto per essere indossato come copricapo completo o come scaldacollo. \u00c8 veloce da lavare e da asciugare. Adatto all'uso sotto caschi, cappucci o altri copricapi.<\/p>\n<p>95% poliestere, 5% elastan, pile a griglia, 265g\/m\u00b2<\/p>","protected":false},"excerpt":{"rendered":"<p>Eine vielseitige Sturmhaube mit Gitterstruktur, die eine gute Isolierung und ein effektives Feuchtigkeitsmanagement schafft. Das Material liegt weich auf der Haut und eignet sich zum Tragen als volle Kopfbedeckung oder als Halsw\u00e4rmer. Sie ist schnell zu waschen und zu trocknen. Geeignet f\u00fcr den Einsatz unter Helmen, Kapuzen oder anderen Kopfbedeckungen. 95% Polyester, 5% Elastan, Gittervlies, [&hellip;]<\/p>\n","protected":false},"featured_media":695023,"template":"","meta":[],"product_brand":[],"product_cat":[4209],"product_tag":[],"class_list":{"0":"post-695009","1":"product","2":"type-product","3":"status-publish","4":"has-post-thumbnail","6":"product_cat-zubehoer","7":"pa_brand-blaklaeder","8":"pa_brand-type-workwear","9":"pa_filter-color-schwarz","11":"first","12":"instock","13":"sale","14":"taxable","15":"shipping-taxable","16":"purchasable","17":"product-type-variable","18":"add-to-wishlist-before_image"},"exclude_global_add_ons":[],"addons":[],"acf":[],"_links":{"self":[{"href":"https:\/\/shop.kustom.ch\/it\/wp-json\/wp\/v2\/product\/695009"}],"collection":[{"href":"https:\/\/shop.kustom.ch\/it\/wp-json\/wp\/v2\/product"}],"about":[{"href":"https:\/\/shop.kustom.ch\/it\/wp-json\/wp\/v2\/types\/product"}],"wp:featuredmedia":[{"embeddable":true,"href":"https:\/\/shop.kustom.ch\/it\/wp-json\/wp\/v2\/media\/695023"}],"wp:attachment":[{"href":"https:\/\/shop.kustom.ch\/it\/wp-json\/wp\/v2\/media?parent=695009"}],"wp:term":[{"taxonomy":"product_brand","embeddable":true,"href":"https:\/\/shop.kustom.ch\/it\/wp-json\/wp\/v2\/product_brand?post=695009"},{"taxonomy":"product_cat","embeddable":true,"href":"https:\/\/shop.kustom.ch\/it\/wp-json\/wp\/v2\/product_cat?post=695009"},{"taxonomy":"product_tag","embeddable":true,"href":"https:\/\/shop.kustom.ch\/it\/wp-json\/wp\/v2\/product_tag?post=695009"}],"curies":[{"name":"wp","href":"https:\/\/api.w.org\/{rel}","templated":true}]}}