{"id":694936,"date":"2026-03-16T15:58:27","date_gmt":"2026-03-16T14:58:27","guid":{"rendered":"https:\/\/shop.kustom.ch\/?post_type=product&#038;p=694936"},"modified":"2026-03-31T08:37:41","modified_gmt":"2026-03-31T07:37:41","slug":"blaklaeder-toolrig-handwerker-arbeitshose-stretch-2","status":"publish","type":"product","link":"https:\/\/shop.kustom.ch\/it\/prodotto\/blaklaeder-toolrig-handwerker-arbeitshose-stretch-2\/","title":{"rendered":"Bl\u00e5kl\u00e4der ToolRig\u2122 pantaloni da lavoro artigianali stretch"},"content":{"rendered":"<p>Sviluppati per un lavoro efficace e una libert\u00e0 di movimento ottimale. Robusto materiale denim CORDURA\u00ae combinato con intelligenti inserti elasticizzati sul cavallo e sui polpacci per una libert\u00e0 di movimento ottimale. Le tasche per ginocchiere in CORDURA\u00ae stretch con apertura in alto consentono di lavorare comodamente in ginocchio senza limitare la libert\u00e0 di movimento. Le tasche sono rinforzate con CORDURA\u00ae e resistono all'usura quotidiana. La cintura ToolRig\u2122 corre a 360\u00b0 intorno alla vita, in modo che tasche e accessori possano essere spostati liberamente. Le tasche portautensili ToolRig\u2122 e il portamartello sono inclusi. Per le attrezzature pi\u00f9 pesanti, \u00e8 possibile agganciare un'imbracatura ToolRig\u2122 o delle bretelle agli appositi passanti. Robusto materiale denim CORDURA\u00ae con inserti elasticizzati Cintura ToolRig\u2122 a 360\u00b0 intorno alla vita - tasche e accessori possono essere spostati liberamente Tasche portautensili ToolRig\u2122 e portamartello inclusi. Passanti per bretelle\/cinghia ToolRig\u2122 per una migliore ergonomia e distribuzione del carico Inserti elasticizzati sul cavallo e sui polpacci per una libert\u00e0 di movimento ottimale Tasche per ginocchiere elasticizzate in CORDURA\u00ae con apertura in alto per un maggiore comfort quando si lavora in ginocchio Tasche rinforzate in CORDURA\u00ae per una maggiore robustezza<\/p>\n<p>55% cotone, 15% poliammide, 30% poliestere, denim, rivestito, CORDURA\u00ae denim, stretch, 340 g\/m\u00b2<\/p>","protected":false},"excerpt":{"rendered":"<p>Entwickelt f\u00fcr effektives Arbeiten und optimale Bewegungsfreiheit. Robustes CORDURA\u00ae-Denim-Material kombiniert mit smarten Stretch-Eins\u00e4tzen im Schritt und an den Waden f\u00fcr optimale Bewegungsfreiheit. Kniepolstertaschen aus CORDURA\u00ae-Stretch mit \u00d6ffnung an der Oberseite erm\u00f6glichen ein bequemes Arbeiten im Knien, ohne die Bewegungsfreiheit einzuschr\u00e4nken. Die Taschen sind mit CORDURA\u00ae verst\u00e4rkt und halten den t\u00e4glichen Beanspruchungen stand. Der ToolRig\u2122 G\u00fcrtel [&hellip;]<\/p>\n","protected":false},"featured_media":694951,"template":"","meta":[],"product_brand":[],"product_cat":[4185],"product_tag":[],"class_list":{"0":"post-694936","1":"product","2":"type-product","3":"status-publish","4":"has-post-thumbnail","6":"product_cat-hosen","7":"pa_brand-blaklaeder","8":"pa_brand-type-workwear","9":"pa_filter-color-blau","10":"pa_filter-color-schwarz","12":"first","13":"instock","14":"sale","15":"taxable","16":"shipping-taxable","17":"purchasable","18":"product-type-variable","19":"add-to-wishlist-before_image"},"exclude_global_add_ons":[],"addons":[],"acf":[],"_links":{"self":[{"href":"https:\/\/shop.kustom.ch\/it\/wp-json\/wp\/v2\/product\/694936"}],"collection":[{"href":"https:\/\/shop.kustom.ch\/it\/wp-json\/wp\/v2\/product"}],"about":[{"href":"https:\/\/shop.kustom.ch\/it\/wp-json\/wp\/v2\/types\/product"}],"wp:featuredmedia":[{"embeddable":true,"href":"https:\/\/shop.kustom.ch\/it\/wp-json\/wp\/v2\/media\/694951"}],"wp:attachment":[{"href":"https:\/\/shop.kustom.ch\/it\/wp-json\/wp\/v2\/media?parent=694936"}],"wp:term":[{"taxonomy":"product_brand","embeddable":true,"href":"https:\/\/shop.kustom.ch\/it\/wp-json\/wp\/v2\/product_brand?post=694936"},{"taxonomy":"product_cat","embeddable":true,"href":"https:\/\/shop.kustom.ch\/it\/wp-json\/wp\/v2\/product_cat?post=694936"},{"taxonomy":"product_tag","embeddable":true,"href":"https:\/\/shop.kustom.ch\/it\/wp-json\/wp\/v2\/product_tag?post=694936"}],"curies":[{"name":"wp","href":"https:\/\/api.w.org\/{rel}","templated":true}]}}