{"id":694837,"date":"2026-03-16T15:57:53","date_gmt":"2026-03-16T14:57:53","guid":{"rendered":"https:\/\/shop.kustom.ch\/?post_type=product&#038;p=694837"},"modified":"2026-03-31T08:37:34","modified_gmt":"2026-03-31T07:37:34","slug":"blaklaeder-toolrig-striker-handwerker-arbeitshose-4-wege-stretch","status":"publish","type":"product","link":"https:\/\/shop.kustom.ch\/it\/prodotto\/blaklaeder-toolrig-striker-handwerker-arbeitshose-4-wege-stretch\/","title":{"rendered":"Bl\u00e5kl\u00e4der ToolRig\u2122 STRIKER pantaloni da lavoro artigianali elasticizzati a 4 vie"},"content":{"rendered":"<p>Per chi desidera durata, libert\u00e0 di movimento e un sistema intelligente. Il materiale principale in CORDURA\u00ae 4-way stretch segue ogni vostro movimento, mentre il COOLMAX\u00ae all'interno allontana l'umidit\u00e0 e vi mantiene asciutti e piacevolmente freschi anche durante il lavoro pi\u00f9 duro. Gli inserti di ventilazione con cerniera all'esterno delle gambe garantiscono una regolazione della temperatura ancora pi\u00f9 precisa. La cintura ToolRig\u2122 corre a 360\u00b0 intorno alla vita, in modo da poter spostare liberamente tasche e accessori. Le tasche per gli attrezzi e il portamartello sono inclusi. Per i carichi pi\u00f9 pesanti, \u00e8 sufficiente collegare le bretelle o le imbracature ToolRig\u2122 agli appositi passanti. Le ginocchia preformate assicurano maggiore libert\u00e0 di movimento e comfort quando ci si inginocchia. La vita alta sul retro garantisce un elevato comfort di vestibilit\u00e0 per tutto il giorno. Le tasche per le ginocchia in CORDURA\u00ae stretch dobby resistono all'usura quotidiana senza sacrificare la flessibilit\u00e0. I discreti dettagli riflettenti neri sulla schiena migliorano la visibilit\u00e0. Dettagli come la tasca rinforzata per il metro pieghevole, una tasca aggiuntiva e una tasca per le penne dimostrano cosa significhi in pratica la qualit\u00e0 premium. Materiale principale in CORDURA\u00ae 4-way stretch per durata e mobilit\u00e0 COOLMAX\u00ae all'interno per il trasporto dell'umidit\u00e0 e l'asciugatura rapida Cintura ToolRig\u2122 a 360\u00b0 intorno alla vita Tasche per attrezzi e portamartello inclusi. Passanti per cinghie\/cinghia ToolRig\u2122 per una migliore ergonomia e distribuzione del carico Tasche per ginocchiere in CORDURA\u00ae stretch dobby Tasche per attrezzi rinforzate con CORDURA\u00ae Inserti di ventilazione con cerniera sul lato esterno della gamba Ginocchia preformate per una maggiore mobilit\u00e0 e comfort quando si \u00e8 in ginocchio e una vita pi\u00f9 alta nella parte posteriore Dettagli riflettenti neri sul retro della gamba<\/p>\n<p>Poliammide 53%, poliestere 40%, elastan 7%, materiale double-face, elastico in 4 direzioni, 236 g\/m\u00b2.<\/p>","protected":false},"excerpt":{"rendered":"<p>F\u00fcr alle, die sich Haltbarkeit, Bewegungsfreiheit und ein intelligentes System w\u00fcnschen. Das Hauptmaterial aus CORDURA\u00ae 4-Wege-Stretch folgt jeder Bewegung, w\u00e4hrend COOLMAX\u00ae an der Innenseite Feuchtigkeit ableitet und dich auch bei harter Arbeit trocken und angenehm k\u00fchl h\u00e4lt. Bel\u00fcftungseins\u00e4tze mit Reissverschluss an der Aussenseite der Beine sorgen f\u00fcr eine noch feinere Temperaturregulierung. Der ToolRig\u2122 G\u00fcrtel verl\u00e4uft [&hellip;]<\/p>\n","protected":false},"featured_media":694838,"template":"","meta":[],"product_brand":[],"product_cat":[4185],"product_tag":[],"class_list":{"0":"post-694837","1":"product","2":"type-product","3":"status-publish","4":"has-post-thumbnail","6":"product_cat-hosen","7":"pa_brand-blaklaeder","8":"pa_brand-type-workwear","9":"pa_filter-color-blau","10":"pa_filter-color-gelb","11":"pa_filter-color-gruen","12":"pa_filter-color-orange","13":"pa_filter-color-schwarz","15":"first","16":"instock","17":"sale","18":"taxable","19":"shipping-taxable","20":"purchasable","21":"product-type-variable","22":"add-to-wishlist-before_image"},"exclude_global_add_ons":[],"addons":[],"acf":[],"_links":{"self":[{"href":"https:\/\/shop.kustom.ch\/it\/wp-json\/wp\/v2\/product\/694837"}],"collection":[{"href":"https:\/\/shop.kustom.ch\/it\/wp-json\/wp\/v2\/product"}],"about":[{"href":"https:\/\/shop.kustom.ch\/it\/wp-json\/wp\/v2\/types\/product"}],"wp:featuredmedia":[{"embeddable":true,"href":"https:\/\/shop.kustom.ch\/it\/wp-json\/wp\/v2\/media\/694838"}],"wp:attachment":[{"href":"https:\/\/shop.kustom.ch\/it\/wp-json\/wp\/v2\/media?parent=694837"}],"wp:term":[{"taxonomy":"product_brand","embeddable":true,"href":"https:\/\/shop.kustom.ch\/it\/wp-json\/wp\/v2\/product_brand?post=694837"},{"taxonomy":"product_cat","embeddable":true,"href":"https:\/\/shop.kustom.ch\/it\/wp-json\/wp\/v2\/product_cat?post=694837"},{"taxonomy":"product_tag","embeddable":true,"href":"https:\/\/shop.kustom.ch\/it\/wp-json\/wp\/v2\/product_tag?post=694837"}],"curies":[{"name":"wp","href":"https:\/\/api.w.org\/{rel}","templated":true}]}}