{"id":694773,"date":"2026-03-16T15:56:50","date_gmt":"2026-03-16T14:56:50","guid":{"rendered":"https:\/\/shop.kustom.ch\/?post_type=product&#038;p=694773"},"modified":"2026-03-31T08:34:34","modified_gmt":"2026-03-31T07:34:34","slug":"blaklaeder-toolrig-handwerker-arbeitshose-stretch","status":"publish","type":"product","link":"https:\/\/shop.kustom.ch\/it\/prodotto\/blaklaeder-toolrig-handwerker-arbeitshose-stretch\/","title":{"rendered":"Bl\u00e5kl\u00e4der ToolRig\u2122 pantaloni da lavoro artigianali stretch"},"content":{"rendered":"<p>Pantaloni da artigiano comodi e leggeri in stretch a 2 vie con inserti stretch a 4 vie dove \u00e8 richiesta la massima libert\u00e0 di movimento. La cintura ToolRig\u2122 corre a 360\u00b0 intorno alla vita per consentire di spostare liberamente tasche e accessori. Questo modello viene fornito senza tasche. \u00c8 possibile aggiungere le tasche portautensili ToolRig\u2122 e i cursori ToolRig\u2122 per creare la propria cintura portautensili. Per i lavori in ginocchio, sono disponibili tasche per ginocchiere in CORDURA\u00ae stretch rinforzato, che garantiscono protezione e libert\u00e0 di movimento. Le ginocchia preformate assicurano maggiore mobilit\u00e0 e comfort quando ci si inginocchia. I dettagli riflettenti sulle gambe migliorano la visibilit\u00e0 in condizioni di scarsa illuminazione. Cintura ToolRig\u2122 a 360\u00b0 intorno alla vita - tasche e accessori possono essere spostati liberamente Aggiunta di tasche portautensili ToolRig\u2122 e cursori ToolRig\u2122 a seconda delle esigenze Passanti per cinghie\/cinghia ToolRig\u2122 per una migliore ergonomia e distribuzione del carico Tasche per ginocchiere in CORDURA\u00ae stretch rinforzato Ginocchia preformate per una migliore mobilit\u00e0 e un maggiore comfort quando si \u00e8 in ginocchio Dettagli riflettenti neri sul retro delle gambe<\/p>\n<p>63% poliestere, 33% cotone, 4% elastofin, twill, elasticizzato, 260 g\/m\u00b2<\/p>","protected":false},"excerpt":{"rendered":"<p>Bequeme und leichte Handwerkerhose aus 2-Wege-Stretch mit Eins\u00e4tzen aus 4-Wege-Stretch an den Stellen, wo maximale Bewegungsfreiheit ben\u00f6tigt wird. Der ToolRig\u2122 G\u00fcrtel verl\u00e4uft 360\u00b0 um die Taille, sodass Taschen und Zubeh\u00f6r frei bewegt werden k\u00f6nnen. Dieses Modell wird ohne Taschen geliefert. Du kannst ToolRig\u2122 Werkzeugtaschen und ToolRig\u2122 Schieber hinzuf\u00fcgen, um deinen eigenen Werkzeugg\u00fcrtel zusammenzustellen. F\u00fcr das [&hellip;]<\/p>\n","protected":false},"featured_media":694774,"template":"","meta":[],"product_brand":[],"product_cat":[4185],"product_tag":[],"class_list":{"0":"post-694773","1":"product","2":"type-product","3":"status-publish","4":"has-post-thumbnail","6":"product_cat-hosen","7":"pa_brand-blaklaeder","8":"pa_brand-type-workwear","9":"pa_filter-color-blau","11":"first","12":"instock","13":"sale","14":"taxable","15":"shipping-taxable","16":"purchasable","17":"product-type-variable","18":"add-to-wishlist-before_image"},"exclude_global_add_ons":[],"addons":[],"acf":[],"_links":{"self":[{"href":"https:\/\/shop.kustom.ch\/it\/wp-json\/wp\/v2\/product\/694773"}],"collection":[{"href":"https:\/\/shop.kustom.ch\/it\/wp-json\/wp\/v2\/product"}],"about":[{"href":"https:\/\/shop.kustom.ch\/it\/wp-json\/wp\/v2\/types\/product"}],"wp:featuredmedia":[{"embeddable":true,"href":"https:\/\/shop.kustom.ch\/it\/wp-json\/wp\/v2\/media\/694774"}],"wp:attachment":[{"href":"https:\/\/shop.kustom.ch\/it\/wp-json\/wp\/v2\/media?parent=694773"}],"wp:term":[{"taxonomy":"product_brand","embeddable":true,"href":"https:\/\/shop.kustom.ch\/it\/wp-json\/wp\/v2\/product_brand?post=694773"},{"taxonomy":"product_cat","embeddable":true,"href":"https:\/\/shop.kustom.ch\/it\/wp-json\/wp\/v2\/product_cat?post=694773"},{"taxonomy":"product_tag","embeddable":true,"href":"https:\/\/shop.kustom.ch\/it\/wp-json\/wp\/v2\/product_tag?post=694773"}],"curies":[{"name":"wp","href":"https:\/\/api.w.org\/{rel}","templated":true}]}}