{"id":694662,"date":"2026-03-16T15:55:36","date_gmt":"2026-03-16T14:55:36","guid":{"rendered":"https:\/\/shop.kustom.ch\/?post_type=product&#038;p=694662"},"modified":"2026-03-31T08:33:50","modified_gmt":"2026-03-31T07:33:50","slug":"handwerker-arbeitshose-denim-stretch","status":"publish","type":"product","link":"https:\/\/shop.kustom.ch\/it\/prodotto\/handwerker-arbeitshose-denim-stretch\/","title":{"rendered":"Pantaloni da lavoro artigianali in denim stretch"},"content":{"rendered":"<p>Pantaloni da lavoro resistenti in denim CORDURA\u00ae con pannelli elasticizzati in 4 direzioni per il massimo comfort dove serve di pi\u00f9. I pantaloni sono dotati di tasche fisse per i chiodi e di pratiche tasche rinforzate. La tasca inferiore per le ginocchia con CORDURA\u00ae stretch garantisce una durata e una flessibilit\u00e0 affidabili per permettervi di lavorare in modo efficiente e confortevole per tutto il giorno. Disponibile anche come modello da donna 7132.<\/p>\n<p>55% cotone, 15% poliammide, 30% poliestere, denim, rivestito, CORDURA\u00ae denim, stretch, 340 g\/m\u00b2<\/p>","protected":false},"excerpt":{"rendered":"<p>Strapazierf\u00e4hige Handwerkerhose aus CORDURA\u00ae-Denim mit 4-Wege-Stretcheins\u00e4tzen, die dort, wo sie am meisten gebraucht wird, ultimativen Komfort bietet. Die Hose verf\u00fcgt \u00fcber festsitzende Nageltaschen und praktische verst\u00e4rkte Taschen. Die unten angebrachte Kniepolstertasche mit CORDURA\u00ae-Stretch bietet zuverl\u00e4ssige Haltbarkeit und Flexibilit\u00e4t, damit man den ganzen Tag effizient und bequem arbeiten kann. Auch als Damenmodell 7132 erh\u00e4ltlich. 55% Baumwolle, [&hellip;]<\/p>\n","protected":false},"featured_media":694680,"template":"","meta":[],"product_brand":[],"product_cat":[4185],"product_tag":[],"class_list":{"0":"post-694662","1":"product","2":"type-product","3":"status-publish","4":"has-post-thumbnail","6":"product_cat-hosen","7":"pa_brand-blaklaeder","8":"pa_brand-type-workwear","9":"pa_filter-color-blau","10":"pa_filter-color-schwarz","12":"first","13":"instock","14":"sale","15":"taxable","16":"shipping-taxable","17":"purchasable","18":"product-type-variable","19":"add-to-wishlist-before_image"},"exclude_global_add_ons":[],"addons":[],"acf":[],"_links":{"self":[{"href":"https:\/\/shop.kustom.ch\/it\/wp-json\/wp\/v2\/product\/694662"}],"collection":[{"href":"https:\/\/shop.kustom.ch\/it\/wp-json\/wp\/v2\/product"}],"about":[{"href":"https:\/\/shop.kustom.ch\/it\/wp-json\/wp\/v2\/types\/product"}],"wp:featuredmedia":[{"embeddable":true,"href":"https:\/\/shop.kustom.ch\/it\/wp-json\/wp\/v2\/media\/694680"}],"wp:attachment":[{"href":"https:\/\/shop.kustom.ch\/it\/wp-json\/wp\/v2\/media?parent=694662"}],"wp:term":[{"taxonomy":"product_brand","embeddable":true,"href":"https:\/\/shop.kustom.ch\/it\/wp-json\/wp\/v2\/product_brand?post=694662"},{"taxonomy":"product_cat","embeddable":true,"href":"https:\/\/shop.kustom.ch\/it\/wp-json\/wp\/v2\/product_cat?post=694662"},{"taxonomy":"product_tag","embeddable":true,"href":"https:\/\/shop.kustom.ch\/it\/wp-json\/wp\/v2\/product_tag?post=694662"}],"curies":[{"name":"wp","href":"https:\/\/api.w.org\/{rel}","templated":true}]}}