{"id":694622,"date":"2026-03-16T15:55:19","date_gmt":"2026-03-16T14:55:19","guid":{"rendered":"https:\/\/shop.kustom.ch\/?post_type=product&#038;p=694622"},"modified":"2026-03-31T08:33:43","modified_gmt":"2026-03-31T07:33:43","slug":"blaklaeder-toolrig-handwerker-arbeitshose-4-wege-stretch","status":"publish","type":"product","link":"https:\/\/shop.kustom.ch\/it\/prodotto\/blaklaeder-toolrig-handwerker-arbeitshose-4-wege-stretch\/","title":{"rendered":"Bl\u00e5kl\u00e4der ToolRig\u2122 pantaloni da lavoro artigianali elasticizzati a 4 vie"},"content":{"rendered":"<p>Quando il comfort viene prima di tutto, ma la durata non deve essere trascurata. Questi pantaloni artigianali con stretch a 4 vie seguono ogni vostro movimento e vi permettono di dare il meglio di voi per tutto il giorno. I dettagli quotidiani fanno la differenza: Tasche per ginocchiere in CORDURA\u00ae stretch rinforzato con apertura sul fondo, ampie tasche posteriori cargo e una tasca per il righello, sviluppata per l'uso sul campo. Aperture delle tasche e orli rinforzati e dettagli riflettenti sulle gambe per una visibilit\u00e0 discreta. La cintura ToolRig\u2122 corre a 360\u00b0 intorno alla vita, permettendo a tasche e accessori di muoversi liberamente. Le tasche portautensili ToolRig\u2122 e il portamartello sono inclusi. Se si vuole aggiungere altro equipaggiamento, ci sono passanti per le bretelle\/le imbracature ToolRig\u2122 per garantire una distribuzione del carico stabile ed ergonomica. Cintura ToolRig\u2122 a 360\u00b0 intorno alla vita - tasche e accessori possono essere spostati liberamente Tasche portautensili ToolRig\u2122 e portamartello inclusi. Passanti per cinghie\/cinghia ToolRig\u2122 per una migliore ergonomia e distribuzione del carico Tasche per ginocchiere in CORDURA\u00ae stretch con apertura sul lato inferiore Rinforzi sulle tasche e sulle estremit\u00e0 delle gambe Dettagli riflettenti sulle gambe<\/p>\n<p>Poliammide 92%, elastan 8%, doppio tessuto, elasticizzato in 4 direzioni, 230 g\/m\u00b2.<\/p>","protected":false},"excerpt":{"rendered":"<p>Wenn Komfort an erster Stelle steht, aber die Haltbarkeit nicht zu kurz kommen darf. Diese Handwerkerhose mit 4-Wege-Stretch macht jede Bewegung mit und erm\u00f6glicht den ganzen Tag \u00fcber volle Leistung. Allt\u00e4gliche Details machen den Unterschied aus: Kniepolstertaschen aus verst\u00e4rktem CORDURA\u00ae-Stretch mit \u00d6ffnung an der Unterseite, ger\u00e4umige Cargo-Ges\u00e4sstaschen und eine Zollstocktasche, entwickelt f\u00fcr den Einsatz in [&hellip;]<\/p>\n","protected":false},"featured_media":694623,"template":"","meta":[],"product_brand":[],"product_cat":[4185],"product_tag":[],"class_list":{"0":"post-694622","1":"product","2":"type-product","3":"status-publish","4":"has-post-thumbnail","6":"product_cat-hosen","7":"pa_brand-blaklaeder","8":"pa_brand-type-workwear","9":"pa_filter-color-blau","10":"pa_filter-color-schwarz","12":"first","13":"instock","14":"sale","15":"taxable","16":"shipping-taxable","17":"purchasable","18":"product-type-variable","19":"add-to-wishlist-before_image"},"exclude_global_add_ons":[],"addons":[],"acf":[],"_links":{"self":[{"href":"https:\/\/shop.kustom.ch\/it\/wp-json\/wp\/v2\/product\/694622"}],"collection":[{"href":"https:\/\/shop.kustom.ch\/it\/wp-json\/wp\/v2\/product"}],"about":[{"href":"https:\/\/shop.kustom.ch\/it\/wp-json\/wp\/v2\/types\/product"}],"wp:featuredmedia":[{"embeddable":true,"href":"https:\/\/shop.kustom.ch\/it\/wp-json\/wp\/v2\/media\/694623"}],"wp:attachment":[{"href":"https:\/\/shop.kustom.ch\/it\/wp-json\/wp\/v2\/media?parent=694622"}],"wp:term":[{"taxonomy":"product_brand","embeddable":true,"href":"https:\/\/shop.kustom.ch\/it\/wp-json\/wp\/v2\/product_brand?post=694622"},{"taxonomy":"product_cat","embeddable":true,"href":"https:\/\/shop.kustom.ch\/it\/wp-json\/wp\/v2\/product_cat?post=694622"},{"taxonomy":"product_tag","embeddable":true,"href":"https:\/\/shop.kustom.ch\/it\/wp-json\/wp\/v2\/product_tag?post=694622"}],"curies":[{"name":"wp","href":"https:\/\/api.w.org\/{rel}","templated":true}]}}