{"id":694357,"date":"2026-03-16T15:52:04","date_gmt":"2026-03-16T14:52:04","guid":{"rendered":"https:\/\/shop.kustom.ch\/?post_type=product&#038;p=694357"},"modified":"2026-03-31T08:22:47","modified_gmt":"2026-03-31T07:22:47","slug":"blaklaeder-toolrig-arbeitshose-stretch","status":"publish","type":"product","link":"https:\/\/shop.kustom.ch\/it\/prodotto\/blaklaeder-toolrig-arbeitshose-stretch\/","title":{"rendered":"Pantaloni da lavoro elasticizzati Bl\u00e5kl\u00e4der ToolRig"},"content":{"rendered":"<p>Sviluppata per gli spazi interni e per il lavoro mobile. Il materiale principale \u00e8 un leggero tessuto elasticizzato a 2 vie, traspirante e comodo da indossare anche a temperature elevate. Inoltre, gli inserti elasticizzati a 4 vie su sedile, ginocchia e cavallo garantiscono una libert\u00e0 di movimento ottimale. La cintura ToolRig\u2122 corre a 360\u00b0 intorno alla vita, in modo che tasche e accessori possano essere spostati liberamente. Questi pantaloni da lavoro sono forniti senza tasche portautensili. Aggiungendo le tasche portautensili ToolRig\u2122 e i cursori ToolRig\u2122, \u00e8 possibile creare la propria cintura portautensili. I dettagli sono completamente personalizzati per un flusso di lavoro fluido. Tra questi, una tasca per penne e coltelli adatta a utenti destrorsi e mancini e una tasca per le gambe con tasca interna per il telefono in rete per tenere i cellulari al sicuro e a portata di mano. Ginocchia preformate per una maggiore mobilit\u00e0 e comfort. Leggero ed elasticizzato a 2 vie per il massimo comfort anche in ambienti caldi Inserti elasticizzati a 4 vie su sedile, ginocchia e cavallo per una libert\u00e0 di movimento ancora maggiore Cintura ToolRig\u2122 a 360\u00b0 intorno alla vita - tasche e accessori possono essere spostati liberamente Tasche portautensili ToolRig\u2122 possono essere aggiunte se necessario Tasca portapenne e portacoltelli per destri e mancini Tasca sulla gamba con tasca interna per il telefono in tessuto a rete Ginocchia preformate per una maggiore mobilit\u00e0 e comfort<\/p>\n<p>50% poliestere, 25% elastomultiestere, 25% cotone, armatura singola, elasticizzato a 2 vie, 170 g\/m\u00b2.<\/p>","protected":false},"excerpt":{"rendered":"<p>Entwickelt f\u00fcr Innenr\u00e4ume und mobiles Arbeiten. Das Hauptmaterial ist ein leichtes 2-Wege-Stretch-Gewebe, das atmungsaktiv und auch bei h\u00f6heren Temperaturen angenehm zu tragen ist. Zudem sorgen 4-Wege-Stretch-Eins\u00e4tze am Ges\u00e4ss, an den Knien und im Schritt f\u00fcr eine optimale Bewegungsfreiheit. Der ToolRig\u2122 G\u00fcrtel verl\u00e4uft 360\u00b0 um die Taille, sodass Taschen und Zubeh\u00f6r frei bewegt werden k\u00f6nnen. Diese [&hellip;]<\/p>\n","protected":false},"featured_media":694374,"template":"","meta":[],"product_brand":[],"product_cat":[4185],"product_tag":[],"class_list":{"0":"post-694357","1":"product","2":"type-product","3":"status-publish","4":"has-post-thumbnail","6":"product_cat-hosen","7":"pa_brand-blaklaeder","8":"pa_brand-type-workwear","9":"pa_filter-color-blau","10":"pa_filter-color-schwarz","12":"first","13":"instock","14":"sale","15":"taxable","16":"shipping-taxable","17":"purchasable","18":"product-type-variable","19":"add-to-wishlist-before_image"},"exclude_global_add_ons":[],"addons":[],"acf":[],"_links":{"self":[{"href":"https:\/\/shop.kustom.ch\/it\/wp-json\/wp\/v2\/product\/694357"}],"collection":[{"href":"https:\/\/shop.kustom.ch\/it\/wp-json\/wp\/v2\/product"}],"about":[{"href":"https:\/\/shop.kustom.ch\/it\/wp-json\/wp\/v2\/types\/product"}],"wp:featuredmedia":[{"embeddable":true,"href":"https:\/\/shop.kustom.ch\/it\/wp-json\/wp\/v2\/media\/694374"}],"wp:attachment":[{"href":"https:\/\/shop.kustom.ch\/it\/wp-json\/wp\/v2\/media?parent=694357"}],"wp:term":[{"taxonomy":"product_brand","embeddable":true,"href":"https:\/\/shop.kustom.ch\/it\/wp-json\/wp\/v2\/product_brand?post=694357"},{"taxonomy":"product_cat","embeddable":true,"href":"https:\/\/shop.kustom.ch\/it\/wp-json\/wp\/v2\/product_cat?post=694357"},{"taxonomy":"product_tag","embeddable":true,"href":"https:\/\/shop.kustom.ch\/it\/wp-json\/wp\/v2\/product_tag?post=694357"}],"curies":[{"name":"wp","href":"https:\/\/api.w.org\/{rel}","templated":true}]}}