{"id":694344,"date":"2026-03-16T15:51:54","date_gmt":"2026-03-16T14:51:54","guid":{"rendered":"https:\/\/shop.kustom.ch\/?post_type=product&#038;p=694344"},"modified":"2026-03-31T08:22:34","modified_gmt":"2026-03-31T07:22:34","slug":"service-arbeitshose-stretch-3","status":"publish","type":"product","link":"https:\/\/shop.kustom.ch\/it\/prodotto\/service-arbeitshose-stretch-3\/","title":{"rendered":"Pantaloni da lavoro elasticizzati"},"content":{"rendered":"<p>Moderni pantaloni da trasporto e di servizio in leggero tessuto elasticizzato a 2 vie, realizzati in un tessuto fresco, resistente ed elasticizzato con propriet\u00e0 di asciugatura rapida, ideale per lavorare all'interno o all'esterno nelle stagioni pi\u00f9 calde. I pantaloni hanno gambe preformate per un comfort ottimale e strisce riflettenti alle estremit\u00e0 delle gambe per una maggiore visibilit\u00e0. Gli inserti elasticizzati a 4 vie su sedile, ginocchia e cavallo garantiscono la massima libert\u00e0 di movimento. Pratiche tasche a soffietto su entrambe le gambe offrono spazio per gli accessori.<\/p>\n<p>50% poliestere, 25% elastomultiestere, 25% cotone, armatura singola, elasticizzato a 2 vie, 170 g\/m\u00b2.<\/p>","protected":false},"excerpt":{"rendered":"<p>Moderne Transport- und Servicehose aus leichtem 2-Wege-Stretch, gefertigt aus einem k\u00fchlen, strapazierf\u00e4higen und elastischen Gewebe mit schnell trocknenden Eigenschaften &#8211; ideal f\u00fcr Arbeiten im Innen- oder Aussenbereich bei w\u00e4rmerem Wetter. Die Hose hat vorgeformte Beine f\u00fcr optimalen Komfort und Reflexstreifen an den Beinenden f\u00fcr bessere Sichtbarkeit. F\u00fcr maximale Bewegungsfreiheit sorgen 4-Wege-Stretcheins\u00e4tze am Ges\u00e4ss, an den [&hellip;]<\/p>\n","protected":false},"featured_media":694345,"template":"","meta":[],"product_brand":[],"product_cat":[4185],"product_tag":[],"class_list":{"0":"post-694344","1":"product","2":"type-product","3":"status-publish","4":"has-post-thumbnail","6":"product_cat-hosen","7":"pa_brand-blaklaeder","8":"pa_brand-type-workwear","9":"pa_filter-color-schwarz","11":"first","12":"instock","13":"sale","14":"taxable","15":"shipping-taxable","16":"purchasable","17":"product-type-variable","18":"add-to-wishlist-before_image"},"exclude_global_add_ons":[],"addons":[],"acf":[],"_links":{"self":[{"href":"https:\/\/shop.kustom.ch\/it\/wp-json\/wp\/v2\/product\/694344"}],"collection":[{"href":"https:\/\/shop.kustom.ch\/it\/wp-json\/wp\/v2\/product"}],"about":[{"href":"https:\/\/shop.kustom.ch\/it\/wp-json\/wp\/v2\/types\/product"}],"wp:featuredmedia":[{"embeddable":true,"href":"https:\/\/shop.kustom.ch\/it\/wp-json\/wp\/v2\/media\/694345"}],"wp:attachment":[{"href":"https:\/\/shop.kustom.ch\/it\/wp-json\/wp\/v2\/media?parent=694344"}],"wp:term":[{"taxonomy":"product_brand","embeddable":true,"href":"https:\/\/shop.kustom.ch\/it\/wp-json\/wp\/v2\/product_brand?post=694344"},{"taxonomy":"product_cat","embeddable":true,"href":"https:\/\/shop.kustom.ch\/it\/wp-json\/wp\/v2\/product_cat?post=694344"},{"taxonomy":"product_tag","embeddable":true,"href":"https:\/\/shop.kustom.ch\/it\/wp-json\/wp\/v2\/product_tag?post=694344"}],"curies":[{"name":"wp","href":"https:\/\/api.w.org\/{rel}","templated":true}]}}