{"id":691869,"date":"2026-03-09T17:12:17","date_gmt":"2026-03-09T16:12:17","guid":{"rendered":"https:\/\/shop.kustom.ch\/?post_type=product&#038;p=691869"},"modified":"2026-03-31T12:01:36","modified_gmt":"2026-03-31T11:01:36","slug":"gb02-twill-stretch-regular-fit","status":"publish","type":"product","link":"https:\/\/shop.kustom.ch\/it\/prodotto\/gb02-twill-stretch-regular-fit\/","title":{"rendered":"GB02 Twill elasticizzato taglio regolare"},"content":{"rendered":"<p>Non c'\u00e8 niente di meglio del look pulito di una camicia in tinta unita. Questa si distingue anche per le sue caratteristiche speciali, come la rara combinazione di prestazioni anti-stiro ed effetto stretch. La struttura in twill di alta qualit\u00e0 conferisce alla camicia una lucentezza perfetta e una sensazione piacevole al tatto. Presenta uno spacco sulla schiena (carr\u00e9 diviso) e un colletto morbido e nascosto con bottoni che rimane sempre al suo posto.<\/p>\n<p>Materiale: 80 % cotone, 16 % lyocell, 4 % elastan<\/p>","protected":false},"excerpt":{"rendered":"<p>Nichts schl\u00e4gt den klaren Look eines einfarbigen Hemdes. Dieses hier sticht ebenfalls durch besondere Eigenschaften hervor, wie die seltene Kombination aus Non-Iron-Performance und Stretch-Effekt. Die hochwertige Twill-Struktur verleiht dem Hemd zudem den perfekten Glanz und ein angenehmes Griffgef\u00fchl. Es verf\u00fcgt \u00fcber ein geteiltes R\u00fcckenteil (Split Yoke) und einen weichen, verdeckten Button-Down-Cutaway-Kragen, der stets an Ort [&hellip;]<\/p>\n","protected":false},"featured_media":692020,"template":"","meta":[],"product_brand":[],"product_cat":[9874],"product_tag":[],"class_list":{"0":"post-691869","1":"product","2":"type-product","3":"status-publish","4":"has-post-thumbnail","6":"product_cat-hemden","7":"pa_brand-harvest-frost","8":"pa_brand-type-workwear","9":"pa_filter-color-blau","10":"pa_filter-color-schwarz","11":"pa_filter-color-weiss","13":"first","14":"instock","15":"sale","16":"taxable","17":"shipping-taxable","18":"purchasable","19":"product-type-variable","20":"add-to-wishlist-before_image"},"exclude_global_add_ons":[],"addons":[],"acf":[],"_links":{"self":[{"href":"https:\/\/shop.kustom.ch\/it\/wp-json\/wp\/v2\/product\/691869"}],"collection":[{"href":"https:\/\/shop.kustom.ch\/it\/wp-json\/wp\/v2\/product"}],"about":[{"href":"https:\/\/shop.kustom.ch\/it\/wp-json\/wp\/v2\/types\/product"}],"wp:featuredmedia":[{"embeddable":true,"href":"https:\/\/shop.kustom.ch\/it\/wp-json\/wp\/v2\/media\/692020"}],"wp:attachment":[{"href":"https:\/\/shop.kustom.ch\/it\/wp-json\/wp\/v2\/media?parent=691869"}],"wp:term":[{"taxonomy":"product_brand","embeddable":true,"href":"https:\/\/shop.kustom.ch\/it\/wp-json\/wp\/v2\/product_brand?post=691869"},{"taxonomy":"product_cat","embeddable":true,"href":"https:\/\/shop.kustom.ch\/it\/wp-json\/wp\/v2\/product_cat?post=691869"},{"taxonomy":"product_tag","embeddable":true,"href":"https:\/\/shop.kustom.ch\/it\/wp-json\/wp\/v2\/product_tag?post=691869"}],"curies":[{"name":"wp","href":"https:\/\/api.w.org\/{rel}","templated":true}]}}