{"id":691827,"date":"2026-03-09T17:11:48","date_gmt":"2026-03-09T16:11:48","guid":{"rendered":"https:\/\/shop.kustom.ch\/?post_type=product&#038;p=691827"},"modified":"2026-03-31T12:01:20","modified_gmt":"2026-03-31T11:01:20","slug":"signature-suit-trouser-woman","status":"publish","type":"product","link":"https:\/\/shop.kustom.ch\/it\/prodotto\/signature-suit-trouser-woman\/","title":{"rendered":"Pantaloni da abito firmati Donna"},"content":{"rendered":"<p>Pantaloni da abito dal look classico e formale, realizzati in un moderno materiale elasticizzato di qualit\u00e0 privilegiata. Il materiale misto \u00e8 resistente alle pieghe e offre una libert\u00e0 di movimento illimitata grazie all'elasticit\u00e0 a 360 gradi. Abbinateli al blazer Signature e al gilet Signature per un abito completo.<\/p>\n<p>Materiale: 63 % poliestere riciclato, 33 % viscosa LENZING\u2122 ECOVERO\u2122, 4 % elastan<\/p>","protected":false},"excerpt":{"rendered":"<p>Anzughose mit klassisch-formellem Look, gefertigt aus einem modernen Stretch-Material in bevorzugter Qualit\u00e4t. Das Materialgemisch ist knitterarm und bietet dank 360-Grad-Stretch uneingeschr\u00e4nkte Bewegungsfreiheit. Kombiniere sie mit dem Signature Blazer und der Signature Weste f\u00fcr einen vollst\u00e4ndigen Anzug. Material: 63 % recycelter Polyester, 33 % LENZING\u2122 ECOVERO\u2122 Viskose, 4 % Elasthan<\/p>","protected":false},"featured_media":692026,"template":"","meta":[],"product_brand":[],"product_cat":[4185],"product_tag":[],"class_list":{"0":"post-691827","1":"product","2":"type-product","3":"status-publish","4":"has-post-thumbnail","6":"product_cat-hosen","7":"pa_brand-harvest-frost","8":"pa_brand-type-workwear","9":"pa_filter-color-blau","10":"pa_filter-color-schwarz","12":"first","13":"instock","14":"sale","15":"taxable","16":"shipping-taxable","17":"purchasable","18":"product-type-variable","19":"add-to-wishlist-before_image"},"exclude_global_add_ons":[],"addons":[],"acf":[],"_links":{"self":[{"href":"https:\/\/shop.kustom.ch\/it\/wp-json\/wp\/v2\/product\/691827"}],"collection":[{"href":"https:\/\/shop.kustom.ch\/it\/wp-json\/wp\/v2\/product"}],"about":[{"href":"https:\/\/shop.kustom.ch\/it\/wp-json\/wp\/v2\/types\/product"}],"wp:featuredmedia":[{"embeddable":true,"href":"https:\/\/shop.kustom.ch\/it\/wp-json\/wp\/v2\/media\/692026"}],"wp:attachment":[{"href":"https:\/\/shop.kustom.ch\/it\/wp-json\/wp\/v2\/media?parent=691827"}],"wp:term":[{"taxonomy":"product_brand","embeddable":true,"href":"https:\/\/shop.kustom.ch\/it\/wp-json\/wp\/v2\/product_brand?post=691827"},{"taxonomy":"product_cat","embeddable":true,"href":"https:\/\/shop.kustom.ch\/it\/wp-json\/wp\/v2\/product_cat?post=691827"},{"taxonomy":"product_tag","embeddable":true,"href":"https:\/\/shop.kustom.ch\/it\/wp-json\/wp\/v2\/product_tag?post=691827"}],"curies":[{"name":"wp","href":"https:\/\/api.w.org\/{rel}","templated":true}]}}