{"id":691671,"date":"2026-03-09T17:10:21","date_gmt":"2026-03-09T16:10:21","guid":{"rendered":"https:\/\/shop.kustom.ch\/?post_type=product&#038;p=691671"},"modified":"2026-03-31T12:00:36","modified_gmt":"2026-03-31T11:00:36","slug":"signature-suit-vest-woman","status":"publish","type":"product","link":"https:\/\/shop.kustom.ch\/it\/prodotto\/signature-suit-vest-woman\/","title":{"rendered":"Gilet da abito firmato Donna"},"content":{"rendered":"<p>Gilet da abito dal look classico e formale, realizzato in un moderno materiale elasticizzato di qualit\u00e0 privilegiata. Il materiale misto \u00e8 resistente alle pieghe e offre una libert\u00e0 di movimento illimitata grazie all'elasticit\u00e0 a 360 gradi. Il complemento perfetto per un abito. Abbinateli al blazer Signature e ai pantaloni Signature.<\/p>\n<p>Materiale: 63 % poliestere riciclato, 33 % viscosa LENZING\u2122 ECOVERO\u2122, 4 % elastan<\/p>","protected":false},"excerpt":{"rendered":"<p>Anzugweste mit klassisch-formellem Look, gefertigt aus einem modernen Stretch-Material in bevorzugter Qualit\u00e4t. Das Materialgemisch ist knitterarm und bietet dank 360-Grad-Stretch uneingeschr\u00e4nkte Bewegungsfreiheit. Die perfekte Erg\u00e4nzung zum Anzug. Kombiniere sie mit dem Signature Blazer und der Signature Hose. Material: 63 % recycelter Polyester, 33 % LENZING\u2122 ECOVERO\u2122 Viskose, 4 % Elasthan<\/p>","protected":false},"featured_media":692041,"template":"","meta":[],"product_brand":[],"product_cat":[4208],"product_tag":[],"class_list":{"0":"post-691671","1":"product","2":"type-product","3":"status-publish","4":"has-post-thumbnail","6":"product_cat-westen","7":"pa_brand-harvest-frost","8":"pa_brand-type-workwear","9":"pa_filter-color-blau","10":"pa_filter-color-schwarz","12":"first","13":"instock","14":"sale","15":"taxable","16":"shipping-taxable","17":"purchasable","18":"product-type-variable","19":"add-to-wishlist-before_image"},"exclude_global_add_ons":[],"addons":[],"acf":[],"_links":{"self":[{"href":"https:\/\/shop.kustom.ch\/it\/wp-json\/wp\/v2\/product\/691671"}],"collection":[{"href":"https:\/\/shop.kustom.ch\/it\/wp-json\/wp\/v2\/product"}],"about":[{"href":"https:\/\/shop.kustom.ch\/it\/wp-json\/wp\/v2\/types\/product"}],"wp:featuredmedia":[{"embeddable":true,"href":"https:\/\/shop.kustom.ch\/it\/wp-json\/wp\/v2\/media\/692041"}],"wp:attachment":[{"href":"https:\/\/shop.kustom.ch\/it\/wp-json\/wp\/v2\/media?parent=691671"}],"wp:term":[{"taxonomy":"product_brand","embeddable":true,"href":"https:\/\/shop.kustom.ch\/it\/wp-json\/wp\/v2\/product_brand?post=691671"},{"taxonomy":"product_cat","embeddable":true,"href":"https:\/\/shop.kustom.ch\/it\/wp-json\/wp\/v2\/product_cat?post=691671"},{"taxonomy":"product_tag","embeddable":true,"href":"https:\/\/shop.kustom.ch\/it\/wp-json\/wp\/v2\/product_tag?post=691671"}],"curies":[{"name":"wp","href":"https:\/\/api.w.org\/{rel}","templated":true}]}}