{"id":690263,"date":"2026-02-09T17:27:45","date_gmt":"2026-02-09T16:27:45","guid":{"rendered":"https:\/\/shop.kustom.ch\/?post_type=product&#038;p=690263"},"modified":"2026-03-30T07:34:50","modified_gmt":"2026-03-30T06:34:50","slug":"hakro-cargo-funktionshose-x-stretch-2","status":"publish","type":"product","link":"https:\/\/shop.kustom.ch\/it\/prodotto\/hakro-cargo-funktionshose-x-stretch-2\/","title":{"rendered":"HAKRO Pantaloni funzionali cargo X-Stretch"},"content":{"rendered":"<p>Pantaloni funzionali con vita elastica grazie all'inserto in maglia resistente sul retro. Bottone di sicurezza, cerniera, passanti per la cintura, nastro riflettente cucito e vestibilit\u00e0 ergonomica preformata. Due tasche a fessura, con ulteriore tasca di sicurezza con zip a destra. Due tasche posteriori con ricamo, la destra con patta e chiusura a velcro. Due tasche cargo con divisori multifunzionali, chiudibili con pattina e zip sulla tasca cargo destra, e una tasca porta metro pieghevole sulla destra. Tutte le cerniere sono YKK\u00ae. Materiale elastico a 4 vie, molto robusto e traspirante. Disponibile anche come modello da donna. Vestibilit\u00e0 regolare.<\/p>\n<p>- Materiale: materiale elasticizzato a 4 vie (tessuto doppio) composto da 90 poliammide % (nylon) e 10 elastan %<br \/>\n- Peso: 215 g\/m\u00b2<br \/>\n- Caratteristiche: traspirante, idrorepellente<br \/>\n- Vestibilit\u00e0: regolare<br \/>\n- Certificati: Fair Wear, OEKO-TEX\u00ae STANDARD 100<br \/>\n- Temperatura di lavaggio: 40 \u00b0C<br \/>\n- Taglie: XS-6XL<\/p>\n<p><a href=\"http:\/\/media.hakro.com\/productsheets\/productsheet_745L_de.pdf\" target=\"_blank\" rel=\"noopener\"><u>Aprire la scheda tecnica del prodotto<\/u><\/a><\/p>","protected":false},"excerpt":{"rendered":"<p>Funktionelle Hose mit dehnbarem Hosenbund durch strapazierf\u00e4higen Strickeinsatz hinten. Sicherheitsknopf, Reissverschluss, G\u00fcrtelschlaufen, eingen\u00e4hte Reflexb\u00e4nder und ergonomisch vorgeformte Passform. Zwei Einschubtaschen, rechts mit zus\u00e4tzlicher Sicherheits-Reissverschlusstasche. Zwei Ges\u00e4sstaschen mit Stickerei, rechts mit Patte und Klettverschluss. Zwei Cargotaschen mit multifunktionellen Unterteilungen, verschliessbar mit Patten und Reissverschluss an der rechten Cargotasche, sowie eine Zollstock-Einschubtasche rechts. Alle Reissverschl\u00fcsse von YKK\u00ae. [&hellip;]<\/p>\n","protected":false},"featured_media":690287,"template":"","meta":[],"product_brand":[],"product_cat":[4185],"product_tag":[],"class_list":{"0":"post-690263","1":"product","2":"type-product","3":"status-publish","4":"has-post-thumbnail","6":"product_cat-hosen","7":"pa_brand-hakro","8":"pa_brand-type-workwear","9":"pa_filter-color-blau","10":"pa_filter-color-grau","11":"pa_filter-color-gruen","12":"pa_filter-color-schwarz","14":"first","15":"instock","16":"sale","17":"taxable","18":"shipping-taxable","19":"purchasable","20":"product-type-variable","21":"add-to-wishlist-before_image"},"exclude_global_add_ons":[],"addons":[],"acf":[],"_links":{"self":[{"href":"https:\/\/shop.kustom.ch\/it\/wp-json\/wp\/v2\/product\/690263"}],"collection":[{"href":"https:\/\/shop.kustom.ch\/it\/wp-json\/wp\/v2\/product"}],"about":[{"href":"https:\/\/shop.kustom.ch\/it\/wp-json\/wp\/v2\/types\/product"}],"wp:featuredmedia":[{"embeddable":true,"href":"https:\/\/shop.kustom.ch\/it\/wp-json\/wp\/v2\/media\/690287"}],"wp:attachment":[{"href":"https:\/\/shop.kustom.ch\/it\/wp-json\/wp\/v2\/media?parent=690263"}],"wp:term":[{"taxonomy":"product_brand","embeddable":true,"href":"https:\/\/shop.kustom.ch\/it\/wp-json\/wp\/v2\/product_brand?post=690263"},{"taxonomy":"product_cat","embeddable":true,"href":"https:\/\/shop.kustom.ch\/it\/wp-json\/wp\/v2\/product_cat?post=690263"},{"taxonomy":"product_tag","embeddable":true,"href":"https:\/\/shop.kustom.ch\/it\/wp-json\/wp\/v2\/product_tag?post=690263"}],"curies":[{"name":"wp","href":"https:\/\/api.w.org\/{rel}","templated":true}]}}