{"id":689845,"date":"2026-02-09T17:24:43","date_gmt":"2026-02-09T16:24:43","guid":{"rendered":"https:\/\/shop.kustom.ch\/?post_type=product&#038;p=689845"},"modified":"2026-03-30T07:33:14","modified_gmt":"2026-03-30T06:33:14","slug":"hakro-guertel-eco","status":"publish","type":"product","link":"https:\/\/shop.kustom.ch\/it\/prodotto\/hakro-guertel-eco\/","title":{"rendered":"Cintura HAKRO ECO"},"content":{"rendered":"<p>Cintura robusta, antistrappo ed elastica. La lunghezza pu\u00f2 essere regolata individualmente tramite la fibbia a morsetto. Fibbia in poliammide robusta e di alta qualit\u00e0 con logo HAKRO laserato all'interno della fibbia della cintura. Etichetta HAKRO tessuta all'estremit\u00e0 della cintura. Lavorata a maglia con filato di poliestere riciclato.<\/p>\n<p>- Materiale: tessuto a maglia in poliestere 100 % (riciclato), fibbia in poliammide 100 %<br \/>\n- Peso:<br \/>\n- Caratteristica:<br \/>\n- In forma:<br \/>\n- Certificati: Fair Wear, OEKO-TEX\u00ae STANDARD 100<br \/>\n- Temperatura di lavaggio:<br \/>\n- Taglie:<\/p>\n<p><a href=\"http:\/\/media.hakro.com\/productsheets\/productsheet_0965_de.pdf\" target=\"_blank\" rel=\"noopener\"><u>Aprire la scheda tecnica del prodotto<\/u><\/a><\/p>","protected":false},"excerpt":{"rendered":"<p>Robuster, reissfester und elastischer G\u00fcrtel. L\u00e4nge durch Klemmschliesse individuell einstellbar. Hochwertige, stabile Klemmschliesse aus Polyamid mit gelasertem HAKRO Logo auf der Innenseite der G\u00fcrtelschliesse. Gewebtes HAKRO Label am G\u00fcrtelende. Gestrickt aus recyceltem Polyester-Garn. \u2022 Material: Maschenware aus 100 % Polyester (recycelt), Schliesse aus 100 % Polyamid \u2022 Gewicht: \u2022 Eigenschaft: \u2022 Passform: \u2022 Zertifikate: Fair [&hellip;]<\/p>\n","protected":false},"featured_media":689887,"template":"","meta":[],"product_brand":[],"product_cat":[4209,4178],"product_tag":[],"class_list":{"0":"post-689845","1":"product","2":"type-product","3":"status-publish","4":"has-post-thumbnail","6":"product_cat-zubehoer","7":"product_cat-guertel","8":"pa_brand-hakro","9":"pa_brand-type-workwear","10":"pa_filter-color-blau","11":"pa_filter-color-grau","12":"pa_filter-color-rot","13":"pa_filter-color-schwarz","15":"first","16":"instock","17":"sale","18":"taxable","19":"shipping-taxable","20":"purchasable","21":"product-type-variable","22":"add-to-wishlist-before_image"},"exclude_global_add_ons":[],"addons":[],"acf":[],"_links":{"self":[{"href":"https:\/\/shop.kustom.ch\/it\/wp-json\/wp\/v2\/product\/689845"}],"collection":[{"href":"https:\/\/shop.kustom.ch\/it\/wp-json\/wp\/v2\/product"}],"about":[{"href":"https:\/\/shop.kustom.ch\/it\/wp-json\/wp\/v2\/types\/product"}],"wp:featuredmedia":[{"embeddable":true,"href":"https:\/\/shop.kustom.ch\/it\/wp-json\/wp\/v2\/media\/689887"}],"wp:attachment":[{"href":"https:\/\/shop.kustom.ch\/it\/wp-json\/wp\/v2\/media?parent=689845"}],"wp:term":[{"taxonomy":"product_brand","embeddable":true,"href":"https:\/\/shop.kustom.ch\/it\/wp-json\/wp\/v2\/product_brand?post=689845"},{"taxonomy":"product_cat","embeddable":true,"href":"https:\/\/shop.kustom.ch\/it\/wp-json\/wp\/v2\/product_cat?post=689845"},{"taxonomy":"product_tag","embeddable":true,"href":"https:\/\/shop.kustom.ch\/it\/wp-json\/wp\/v2\/product_tag?post=689845"}],"curies":[{"name":"wp","href":"https:\/\/api.w.org\/{rel}","templated":true}]}}