{"id":688993,"date":"2026-02-09T17:18:25","date_gmt":"2026-02-09T16:18:25","guid":{"rendered":"https:\/\/shop.kustom.ch\/?post_type=product&#038;p=688993"},"modified":"2026-03-30T07:20:42","modified_gmt":"2026-03-30T06:20:42","slug":"label-free-poloshirt-heavy-mikralinar-eco","status":"publish","type":"product","link":"https:\/\/shop.kustom.ch\/it\/prodotto\/label-free-poloshirt-heavy-mikralinar-eco\/","title":{"rendered":"Poloshirt senza etichetta Heavy MIKRALINAR\u00ae ECO"},"content":{"rendered":"<p>Polo particolarmente resistente senza etichetta principale HAKRO, senza etichetta a bandiera, con abbottonatura a tre fori. Bottoni tono su tono, fettuccia sul collo e spacchetti laterali a doppia chiusura. Colletto in leasing per facilitare l'etichettatura nelle lavanderie commerciali e cinghie di sospensione nell'orlo. Piqu\u00e9 particolarmente facile da pulire e funzionale, realizzato in MIKRALINAR\u00ae ECO, il mix di materiali performanti di HAKRO composto da cotone e poliestere riciclato certificato GRS. Disponibile anche come modello da donna con abbottonatura a quattro fori. Vestibilit\u00e0 ampia: comfort fit.<\/p>\n<p>- Materiale: MIKRALINAR\u00ae ECO, piqu\u00e9 composto da 50 cotone % e 50 poliestere % (riciclato)<br \/>\n- Peso: 220 g\/m\u00b2<br \/>\n- Caratteristiche: adatto alla lavanderia industriale secondo la norma DIN EN ISO 15797, facile da lavare, pre-stirato.<br \/>\n- Vestibilit\u00e0: Comfort Fit<br \/>\n- Certificati: Fair Wear, OEKO-TEX\u00ae STANDARD 100, Sostegno all'iniziativa Cotone prodotto in Africa, Global Recycled Standard (GRS), Green Button<br \/>\n- Temperatura di lavaggio: 60 \u00b0C<br \/>\n- Taglie: 2XS-6XL<\/p>\n<p><a href=\"http:\/\/media.hakro.com\/productsheets\/productsheet_0503_de.pdf\" target=\"_blank\" rel=\"noopener\"><u>Aprire la scheda tecnica del prodotto<\/u><\/a><\/p>","protected":false},"excerpt":{"rendered":"<p>Besonders strapazierf\u00e4higes Poloshirt ohne HAKRO Mainlabel, ohne Flaglabel, mit Drei-Loch-Knopfleiste. Kn\u00f6pfe Ton in Ton, Nackenband und doppelt geriegelte Seitenschlitze. Leasingkoller zur einfachen Kennzeichnung in der gewerblichen W\u00e4scherei und Aufh\u00e4ngeb\u00e4nder im Saum. Besonders pflegeleichtes und funktionelles Piqu\u00e9 aus MIKRALINAR\u00ae ECO, dem HAKRO Performance-Materialmix aus Baumwolle und GRS-zertifiziertem, recyceltem Polyester. Verf\u00fcgbar auch als Damenmodell mit Vier-Loch-Knopfleiste. Lockere [&hellip;]<\/p>\n","protected":false},"featured_media":688994,"template":"","meta":[],"product_brand":[],"product_cat":[4193],"product_tag":[],"class_list":{"0":"post-688993","1":"product","2":"type-product","3":"status-publish","4":"has-post-thumbnail","6":"product_cat-polos","7":"pa_brand-hakro","8":"pa_brand-type-workwear","9":"pa_filter-color-blau","10":"pa_filter-color-grau","11":"pa_filter-color-schwarz","12":"pa_filter-color-weiss","14":"first","15":"instock","16":"sale","17":"taxable","18":"shipping-taxable","19":"purchasable","20":"product-type-variable","21":"add-to-wishlist-before_image"},"exclude_global_add_ons":[],"addons":[],"acf":[],"_links":{"self":[{"href":"https:\/\/shop.kustom.ch\/it\/wp-json\/wp\/v2\/product\/688993"}],"collection":[{"href":"https:\/\/shop.kustom.ch\/it\/wp-json\/wp\/v2\/product"}],"about":[{"href":"https:\/\/shop.kustom.ch\/it\/wp-json\/wp\/v2\/types\/product"}],"wp:featuredmedia":[{"embeddable":true,"href":"https:\/\/shop.kustom.ch\/it\/wp-json\/wp\/v2\/media\/688994"}],"wp:attachment":[{"href":"https:\/\/shop.kustom.ch\/it\/wp-json\/wp\/v2\/media?parent=688993"}],"wp:term":[{"taxonomy":"product_brand","embeddable":true,"href":"https:\/\/shop.kustom.ch\/it\/wp-json\/wp\/v2\/product_brand?post=688993"},{"taxonomy":"product_cat","embeddable":true,"href":"https:\/\/shop.kustom.ch\/it\/wp-json\/wp\/v2\/product_cat?post=688993"},{"taxonomy":"product_tag","embeddable":true,"href":"https:\/\/shop.kustom.ch\/it\/wp-json\/wp\/v2\/product_tag?post=688993"}],"curies":[{"name":"wp","href":"https:\/\/api.w.org\/{rel}","templated":true}]}}