{"id":688817,"date":"2026-02-09T16:58:36","date_gmt":"2026-02-09T15:58:36","guid":{"rendered":"https:\/\/shop.kustom.ch\/?post_type=product&#038;p=688817"},"modified":"2026-03-30T07:14:55","modified_gmt":"2026-03-30T06:14:55","slug":"hakro-damen-kapuzen-loftweste","status":"publish","type":"product","link":"https:\/\/shop.kustom.ch\/it\/prodotto\/hakro-damen-kapuzen-loftweste\/","title":{"rendered":"Gilet morbido con cappuccio da donna HAKRO"},"content":{"rendered":"<p>Gilet riscaldante con impunture. Cappuccio staccabile con bottoni a pressione e coulisse regolabile e stopper con doppia impuntura. Zip frontale a 2 vie di alta qualit\u00e0 con patta antivento interna, garage con zip, tasche interne e tasche laterali a fessura con zip. Tutte le cerniere YKK\u00ae sono nere con tirazip reversibili neri. Materiale traspirante misto a nylon con imbottitura riscaldante in fibra sintetica di facile manutenzione. Una zip nascosta nella parte interna della schiena (apertura di ispezione) facilita la personalizzazione della giacca. Disponibile anche come modello unisex. Vestibilit\u00e0 regolare.<\/p>\n<p>- Materiale: tessuto in poliammide (nylon) 100 %, imbottitura in poliestere 100 %<br \/>\n- Peso:<br \/>\n- Caratteristiche: idrorepellente, traspirante<br \/>\n- Vestibilit\u00e0: regolare<br \/>\n- Certificati: Fair Wear, OEKO-TEX\u00ae STANDARD 100<br \/>\n- Temperatura di lavaggio: 30 \u00b0C<br \/>\n- Taglie: XS-3XL<\/p>\n<p><a href=\"http:\/\/media.hakro.com\/productsheets\/productsheet_0297_de.pdf\" target=\"_blank\" rel=\"noopener\"><u>Aprire la scheda tecnica del prodotto<\/u><\/a><\/p>","protected":false},"excerpt":{"rendered":"<p>W\u00e4rmende Weste mit Absteppungen. Mit Druckkn\u00f6pfen abnehmbare und durch Tunnelkordelzug und Stopper verstellbare Kapuze mit Zweinaht-Verarbeitung. Hochwertiger 2-Wege-Frontreissverschluss mit innenliegender Windschutzpatte, Reissverschlussgarage, Innentaschen und seitliche Einschubtaschen mit Reissverschluss. Alle Reissverschl\u00fcsse von YKK\u00ae in Schwarz mit reversiblen, schwarzen Reissverschlussanh\u00e4ngern. Atmungsaktiver Materialmix aus Nylon mit w\u00e4rmender Wattierung aus pflegeleichter Kunstfaser. Ein verdeckter Reissverschluss im inneren R\u00fcckenteil (Revisions\u00f6ffnung) [&hellip;]<\/p>\n","protected":false},"featured_media":688818,"template":"","meta":[],"product_brand":[],"product_cat":[4208],"product_tag":[],"class_list":{"0":"post-688817","1":"product","2":"type-product","3":"status-publish","4":"has-post-thumbnail","6":"product_cat-westen","7":"pa_brand-hakro","8":"pa_brand-type-workwear","9":"pa_filter-color-blau","10":"pa_filter-color-grau","11":"pa_filter-color-schwarz","13":"first","14":"instock","15":"sale","16":"taxable","17":"shipping-taxable","18":"purchasable","19":"product-type-variable","20":"add-to-wishlist-before_image"},"exclude_global_add_ons":[],"addons":[],"acf":[],"_links":{"self":[{"href":"https:\/\/shop.kustom.ch\/it\/wp-json\/wp\/v2\/product\/688817"}],"collection":[{"href":"https:\/\/shop.kustom.ch\/it\/wp-json\/wp\/v2\/product"}],"about":[{"href":"https:\/\/shop.kustom.ch\/it\/wp-json\/wp\/v2\/types\/product"}],"wp:featuredmedia":[{"embeddable":true,"href":"https:\/\/shop.kustom.ch\/it\/wp-json\/wp\/v2\/media\/688818"}],"wp:attachment":[{"href":"https:\/\/shop.kustom.ch\/it\/wp-json\/wp\/v2\/media?parent=688817"}],"wp:term":[{"taxonomy":"product_brand","embeddable":true,"href":"https:\/\/shop.kustom.ch\/it\/wp-json\/wp\/v2\/product_brand?post=688817"},{"taxonomy":"product_cat","embeddable":true,"href":"https:\/\/shop.kustom.ch\/it\/wp-json\/wp\/v2\/product_cat?post=688817"},{"taxonomy":"product_tag","embeddable":true,"href":"https:\/\/shop.kustom.ch\/it\/wp-json\/wp\/v2\/product_tag?post=688817"}],"curies":[{"name":"wp","href":"https:\/\/api.w.org\/{rel}","templated":true}]}}