{"id":688386,"date":"2026-02-05T20:04:28","date_gmt":"2026-02-05T19:04:28","guid":{"rendered":"https:\/\/shop.kustom.ch\/?post_type=product&#038;p=688386"},"modified":"2026-03-31T12:54:59","modified_gmt":"2026-03-31T11:54:59","slug":"performance-socks-2pack","status":"publish","type":"product","link":"https:\/\/shop.kustom.ch\/it\/prodotto\/performance-socks-2pack\/","title":{"rendered":"Calzini PERFORMANCE confezione da 2"},"content":{"rendered":"<p>Innovativi pantaloni sportivi multifunzionali! I pantaloni allround ad alte prestazioni combinano i vantaggi dei classici pantaloni sportivi nella parte superiore con quelli dei pantaloni aderenti nella parte inferiore.<br \/>\nMateriale molto elastico e ad asciugatura rapida; super leggero e sottile per una vestibilit\u00e0 confortevole; taglio slim per una vestibilit\u00e0 eccellente; fascia in vita con coulisse per una vestibilit\u00e0 ottimale; tasche laterali con zip; taglio speciale da donna<br \/>\n97% poliammide, 3% elastan<\/p>","protected":false},"excerpt":{"rendered":"<p>Innovative Multifunktions Sporthose! Die Performance Allroundhose vereint die Vorteile einer klassischen Sporthose im oberen Bereich mit einer eng anliegenden Hose unten. Sehr elastisches, schnelltrocknendes Material; Super leicht und d\u00fcnn f\u00fcr ein angenehmes Tragegef\u00fchl; Schmaler Schnitt f\u00fcr eine hervorragende Passform; Bund mit Kordel f\u00fcr einen optimalen Sitz; Seitliche Reissverschlusstaschen; Spezieller Damenschnitt 97% Polyamid, 3% Elasthan<\/p>","protected":false},"featured_media":688387,"template":"","meta":[],"product_brand":[],"product_cat":[4199],"product_tag":[],"class_list":{"0":"post-688386","1":"product","2":"type-product","3":"status-publish","4":"has-post-thumbnail","6":"product_cat-socken","7":"pa_brand-erima","8":"pa_brand-type-sportswear","9":"pa_filter-color-schwarz","10":"pa_filter-color-weiss","12":"first","13":"instock","14":"sale","15":"taxable","16":"shipping-taxable","17":"purchasable","18":"product-type-variable","19":"add-to-wishlist-before_image"},"exclude_global_add_ons":[],"addons":[],"acf":[],"_links":{"self":[{"href":"https:\/\/shop.kustom.ch\/it\/wp-json\/wp\/v2\/product\/688386"}],"collection":[{"href":"https:\/\/shop.kustom.ch\/it\/wp-json\/wp\/v2\/product"}],"about":[{"href":"https:\/\/shop.kustom.ch\/it\/wp-json\/wp\/v2\/types\/product"}],"wp:featuredmedia":[{"embeddable":true,"href":"https:\/\/shop.kustom.ch\/it\/wp-json\/wp\/v2\/media\/688387"}],"wp:attachment":[{"href":"https:\/\/shop.kustom.ch\/it\/wp-json\/wp\/v2\/media?parent=688386"}],"wp:term":[{"taxonomy":"product_brand","embeddable":true,"href":"https:\/\/shop.kustom.ch\/it\/wp-json\/wp\/v2\/product_brand?post=688386"},{"taxonomy":"product_cat","embeddable":true,"href":"https:\/\/shop.kustom.ch\/it\/wp-json\/wp\/v2\/product_cat?post=688386"},{"taxonomy":"product_tag","embeddable":true,"href":"https:\/\/shop.kustom.ch\/it\/wp-json\/wp\/v2\/product_tag?post=688386"}],"curies":[{"name":"wp","href":"https:\/\/api.w.org\/{rel}","templated":true}]}}