{"id":688219,"date":"2026-02-05T20:03:22","date_gmt":"2026-02-05T19:03:22","guid":{"rendered":"https:\/\/shop.kustom.ch\/?post_type=product&#038;p=688219"},"modified":"2026-03-31T12:52:24","modified_gmt":"2026-03-31T11:52:24","slug":"erima-beachvolleyball","status":"publish","type":"product","link":"https:\/\/shop.kustom.ch\/it\/prodotto\/erima-beachvolleyball\/","title":{"rendered":"ERIMA beach volley"},"content":{"rendered":"<p>Ginocchiera robusta per la massima protezione.<br \/>\nForma anatomica; propriet\u00e0 ammortizzanti ottimali; strato esterno resistente all'abrasione e al calore; tenuta perfetta e protezione ottimale<br \/>\nMateriale della tomaia: poliuretano 100%<\/p>","protected":false},"excerpt":{"rendered":"<p>Robuster Knieschoner f\u00fcr maximalen Schutz. Anatomische Form; Optimale D\u00e4mpfungseigenschaften; Abriebfeste &amp; hitzebest\u00e4ndige Aussenschicht; Perfekter Halt &amp; optimaler Schutz Obermaterial: 100% Polyurethan<\/p>","protected":false},"featured_media":688223,"template":"","meta":[],"product_brand":[],"product_cat":[4175,4209],"product_tag":[],"class_list":{"0":"post-688219","1":"product","2":"type-product","3":"status-publish","4":"has-post-thumbnail","6":"product_cat-baelle","7":"product_cat-zubehoer","8":"pa_brand-erima","9":"pa_brand-type-sportswear","10":"pa_filter-color-gelb","12":"first","13":"instock","14":"sale","15":"taxable","16":"shipping-taxable","17":"purchasable","18":"product-type-variable","19":"add-to-wishlist-before_image"},"exclude_global_add_ons":[],"addons":[],"acf":[],"_links":{"self":[{"href":"https:\/\/shop.kustom.ch\/it\/wp-json\/wp\/v2\/product\/688219"}],"collection":[{"href":"https:\/\/shop.kustom.ch\/it\/wp-json\/wp\/v2\/product"}],"about":[{"href":"https:\/\/shop.kustom.ch\/it\/wp-json\/wp\/v2\/types\/product"}],"wp:featuredmedia":[{"embeddable":true,"href":"https:\/\/shop.kustom.ch\/it\/wp-json\/wp\/v2\/media\/688223"}],"wp:attachment":[{"href":"https:\/\/shop.kustom.ch\/it\/wp-json\/wp\/v2\/media?parent=688219"}],"wp:term":[{"taxonomy":"product_brand","embeddable":true,"href":"https:\/\/shop.kustom.ch\/it\/wp-json\/wp\/v2\/product_brand?post=688219"},{"taxonomy":"product_cat","embeddable":true,"href":"https:\/\/shop.kustom.ch\/it\/wp-json\/wp\/v2\/product_cat?post=688219"},{"taxonomy":"product_tag","embeddable":true,"href":"https:\/\/shop.kustom.ch\/it\/wp-json\/wp\/v2\/product_tag?post=688219"}],"curies":[{"name":"wp","href":"https:\/\/api.w.org\/{rel}","templated":true}]}}