{"id":688204,"date":"2026-02-05T20:02:49","date_gmt":"2026-02-05T19:02:49","guid":{"rendered":"https:\/\/shop.kustom.ch\/?post_type=product&#038;p=688204"},"modified":"2026-03-31T12:51:37","modified_gmt":"2026-03-31T11:51:37","slug":"knee-pad","status":"publish","type":"product","link":"https:\/\/shop.kustom.ch\/it\/prodotto\/knee-pad\/","title":{"rendered":"Ginocchiera"},"content":{"rendered":"<p>Materiale morbido e delicato sulla pelle; Estremamente assorbente, assorbimento affidabile dell'umidit\u00e0; Asciugatura rapida; Pratico passante per appenderlo; Design completamente nero con rilievo ERIMA; Misura S: 50 x 100 cm; Misura L: 70 x 140 cm<br \/>\n25% poliammide, 25% etilene-vinilacetato, 20% elastan, 5% poliestere, 25% altro<\/p>","protected":false},"excerpt":{"rendered":"<p>Weiches, hautfreundliches Material; Extrem saugf\u00e4hig, zuverl\u00e4ssige Feuchtigkeitsaufnahme; Schnelltrocknend; Praktische Schlaufe zum Aufh\u00e4ngen; All-Black Design mit ERIMA Pr\u00e4gung; Gr\u00f6sse S: 50 x 100 cm; Gr\u00f6sse L: 70 x 140 cm 25% Polyamid, 25% Ethylen-vinylacetat, 20% Elasthan, 5% Polyester, 25% Andere<\/p>","protected":false},"featured_media":688216,"template":"","meta":[],"product_brand":[],"product_cat":[4209],"product_tag":[],"class_list":{"0":"post-688204","1":"product","2":"type-product","3":"status-publish","4":"has-post-thumbnail","6":"product_cat-zubehoer","7":"pa_brand-erima","8":"pa_brand-type-sportswear","9":"pa_filter-color-schwarz","11":"first","12":"instock","13":"sale","14":"taxable","15":"shipping-taxable","16":"purchasable","17":"product-type-variable","18":"add-to-wishlist-before_image"},"exclude_global_add_ons":[],"addons":[],"acf":[],"_links":{"self":[{"href":"https:\/\/shop.kustom.ch\/it\/wp-json\/wp\/v2\/product\/688204"}],"collection":[{"href":"https:\/\/shop.kustom.ch\/it\/wp-json\/wp\/v2\/product"}],"about":[{"href":"https:\/\/shop.kustom.ch\/it\/wp-json\/wp\/v2\/types\/product"}],"wp:featuredmedia":[{"embeddable":true,"href":"https:\/\/shop.kustom.ch\/it\/wp-json\/wp\/v2\/media\/688216"}],"wp:attachment":[{"href":"https:\/\/shop.kustom.ch\/it\/wp-json\/wp\/v2\/media?parent=688204"}],"wp:term":[{"taxonomy":"product_brand","embeddable":true,"href":"https:\/\/shop.kustom.ch\/it\/wp-json\/wp\/v2\/product_brand?post=688204"},{"taxonomy":"product_cat","embeddable":true,"href":"https:\/\/shop.kustom.ch\/it\/wp-json\/wp\/v2\/product_cat?post=688204"},{"taxonomy":"product_tag","embeddable":true,"href":"https:\/\/shop.kustom.ch\/it\/wp-json\/wp\/v2\/product_tag?post=688204"}],"curies":[{"name":"wp","href":"https:\/\/api.w.org\/{rel}","templated":true}]}}