{"id":688202,"date":"2026-02-05T20:02:49","date_gmt":"2026-02-05T19:02:49","guid":{"rendered":"https:\/\/shop.kustom.ch\/?post_type=product&#038;p=688202"},"modified":"2026-03-31T12:51:33","modified_gmt":"2026-03-31T11:51:33","slug":"fleece-beanie","status":"publish","type":"product","link":"https:\/\/shop.kustom.ch\/it\/prodotto\/fleece-beanie\/","title":{"rendered":"Berretto in pile"},"content":{"rendered":"<p>Interno in pile, esterno in maglia strutturata: il vostro cappello per le giornate fredde; struttura superficiale morbida; vestibilit\u00e0 aderente per un sostegno ottimale;<br \/>\n100% Poliestere<\/p>","protected":false},"excerpt":{"rendered":"<p>Angenehmes Fleece innen, strukturierter Knit aussen \u2013 deine M\u00fctze f\u00fcr kalte Tage; Weiche Oberfl\u00e4chenstruktur; Enganliegende Passform f\u00fcr einen optimalen Halt; 100% Polyester<\/p>","protected":false},"featured_media":688210,"template":"","meta":[],"product_brand":[],"product_cat":[4177,4209],"product_tag":[],"class_list":{"0":"post-688202","1":"product","2":"type-product","3":"status-publish","4":"has-post-thumbnail","6":"product_cat-caps-muetzen","7":"product_cat-zubehoer","8":"pa_brand-erima","9":"pa_brand-type-sportswear","10":"pa_filter-color-schwarz","12":"first","13":"instock","14":"sale","15":"taxable","16":"shipping-taxable","17":"purchasable","18":"product-type-variable","19":"add-to-wishlist-before_image"},"exclude_global_add_ons":[],"addons":[],"acf":[],"_links":{"self":[{"href":"https:\/\/shop.kustom.ch\/it\/wp-json\/wp\/v2\/product\/688202"}],"collection":[{"href":"https:\/\/shop.kustom.ch\/it\/wp-json\/wp\/v2\/product"}],"about":[{"href":"https:\/\/shop.kustom.ch\/it\/wp-json\/wp\/v2\/types\/product"}],"wp:featuredmedia":[{"embeddable":true,"href":"https:\/\/shop.kustom.ch\/it\/wp-json\/wp\/v2\/media\/688210"}],"wp:attachment":[{"href":"https:\/\/shop.kustom.ch\/it\/wp-json\/wp\/v2\/media?parent=688202"}],"wp:term":[{"taxonomy":"product_brand","embeddable":true,"href":"https:\/\/shop.kustom.ch\/it\/wp-json\/wp\/v2\/product_brand?post=688202"},{"taxonomy":"product_cat","embeddable":true,"href":"https:\/\/shop.kustom.ch\/it\/wp-json\/wp\/v2\/product_cat?post=688202"},{"taxonomy":"product_tag","embeddable":true,"href":"https:\/\/shop.kustom.ch\/it\/wp-json\/wp\/v2\/product_tag?post=688202"}],"curies":[{"name":"wp","href":"https:\/\/api.w.org\/{rel}","templated":true}]}}