{"id":688097,"date":"2026-02-05T20:01:17","date_gmt":"2026-02-05T19:01:17","guid":{"rendered":"https:\/\/shop.kustom.ch\/?post_type=product&#038;p=688097"},"modified":"2026-03-31T12:50:10","modified_gmt":"2026-03-31T11:50:10","slug":"intro-line-backpack","status":"publish","type":"product","link":"https:\/\/shop.kustom.ch\/it\/prodotto\/intro-line-backpack\/","title":{"rendered":"Zaino INTRO LINE"},"content":{"rendered":"<p>La vostra squadra. La vostra borsa. La vostra linea introduttiva.<br \/>\nVersatile: perfetta per il calcio, i camp e tutti gli sport di squadra; Scomparto inferiore separato: ideale per separare le scarpe o gli indumenti bagnati; Palette di colori moderna: nero, New Navy, Emerald e New Bordeaux per un look fresco; Ampie aree per il logo: perfette per gli stemmi dei club o le stampe degli sponsor; Leggera: comoda da trasportare, anche a pieno carico; Robusta e resistente: materiale resistente per l'uso quotidiano; Scomparto interno aggiuntivo in rete: Per bottiglia d'acqua, oggetti di valore o piccoli oggetti; Tracolla fissa: Struttura robusta e durevole per un uso frequente; Taglia S: 40*25*33 cm (circa 33l); Taglia M: 50*29*37 cm (circa 53,5l); Taglia L: 60*33*41 cm (circa 81l)<\/p>","protected":false},"excerpt":{"rendered":"<p>Dein Team. Deine Tasche. Deine Intro Line. Vielseitig einsetzbar: Perfekt f\u00fcr Fussball, Camps und alle Teamsportarten; Separates Bodenfach: Ideal zur Trennung von Schuhen oder nasser Kleidung; Moderne Farbpalette: Schwarz, New Navy, Smaragd und New Bordeaux f\u00fcr einen frischen Look; Grosse Logo-Fl\u00e4chen: Perfekt f\u00fcr Vereinswappen oder Sponsoren-Prints; Leichtgewicht: Angenehm zu tragen, selbst bei voller Beladung; Robust [&hellip;]<\/p>\n","protected":false},"featured_media":688143,"template":"","meta":[],"product_brand":[],"product_cat":[4195,4209],"product_tag":[],"class_list":{"0":"post-688097","1":"product","2":"type-product","3":"status-publish","4":"has-post-thumbnail","6":"product_cat-rucksaecke-taschen","7":"product_cat-zubehoer","8":"pa_brand-erima","9":"pa_brand-type-sportswear","10":"pa_filter-color-blau","11":"pa_filter-color-gruen","12":"pa_filter-color-rot","13":"pa_filter-color-schwarz","15":"first","16":"instock","17":"sale","18":"taxable","19":"shipping-taxable","20":"purchasable","21":"product-type-variable","22":"add-to-wishlist-before_image"},"exclude_global_add_ons":[],"addons":[],"acf":[],"_links":{"self":[{"href":"https:\/\/shop.kustom.ch\/it\/wp-json\/wp\/v2\/product\/688097"}],"collection":[{"href":"https:\/\/shop.kustom.ch\/it\/wp-json\/wp\/v2\/product"}],"about":[{"href":"https:\/\/shop.kustom.ch\/it\/wp-json\/wp\/v2\/types\/product"}],"wp:featuredmedia":[{"embeddable":true,"href":"https:\/\/shop.kustom.ch\/it\/wp-json\/wp\/v2\/media\/688143"}],"wp:attachment":[{"href":"https:\/\/shop.kustom.ch\/it\/wp-json\/wp\/v2\/media?parent=688097"}],"wp:term":[{"taxonomy":"product_brand","embeddable":true,"href":"https:\/\/shop.kustom.ch\/it\/wp-json\/wp\/v2\/product_brand?post=688097"},{"taxonomy":"product_cat","embeddable":true,"href":"https:\/\/shop.kustom.ch\/it\/wp-json\/wp\/v2\/product_cat?post=688097"},{"taxonomy":"product_tag","embeddable":true,"href":"https:\/\/shop.kustom.ch\/it\/wp-json\/wp\/v2\/product_tag?post=688097"}],"curies":[{"name":"wp","href":"https:\/\/api.w.org\/{rel}","templated":true}]}}