{"id":688096,"date":"2026-02-05T20:01:17","date_gmt":"2026-02-05T19:01:17","guid":{"rendered":"https:\/\/shop.kustom.ch\/?post_type=product&#038;p=688096"},"modified":"2026-03-31T12:50:08","modified_gmt":"2026-03-31T11:50:08","slug":"intro-line-sportsbag-with-bottom-case","status":"publish","type":"product","link":"https:\/\/shop.kustom.ch\/it\/prodotto\/intro-line-sportsbag-with-bottom-case\/","title":{"rendered":"INTRO LINE Borsa sportiva con fondello"},"content":{"rendered":"<p>La vostra squadra. La vostra borsa. La vostra linea introduttiva.<br \/>\nVersatile: perfetta per il calcio, i camp e tutti gli sport di squadra; palette di colori moderna: nero, New Navy, Emerald e New Bordeaux per un look fresco; ampie aree per i loghi: perfette per gli stemmi dei club o le stampe degli sponsor; leggera: comoda da trasportare, anche a pieno carico; robusta e resistente: materiale resistente per l'uso quotidiano.Scomparto laterale per scarpe\/umido: l'opzione di separazione perfetta; Tasca laterale in rete: per bottiglia d'acqua, oggetti di valore o piccoli oggetti; Tracolla fissa: struttura robusta e durevole per un uso frequente; Taglia S: 40*25*25 cm (circa 25 litri); Taglia M: 50*29*29 cm (circa 42 litri); Taglia L: 60*33*33 cm (circa 65,3 litri)<\/p>","protected":false},"excerpt":{"rendered":"<p>Dein Team. Deine Tasche. Deine Intro Line. Vielseitig einsetzbar: Perfekt f\u00fcr Fussball, Camps und alle Teamsportarten; Moderne Farbpalette: Schwarz, New Navy, Smaragd und New Bordeaux f\u00fcr einen frischen Look; Grosse Logo-Fl\u00e4chen: Perfekt f\u00fcr Vereinswappen oder Sponsoren-Prints; Leichtgewicht: Angenehm zu tragen, selbst bei voller Beladung.; Robust &amp; langlebig: Strapazierf\u00e4higes Material f\u00fcr den t\u00e4glichen Einsatz.; Seitliches Schuh-\/Nassfach: [&hellip;]<\/p>\n","protected":false},"featured_media":688127,"template":"","meta":[],"product_brand":[],"product_cat":[4195,4209],"product_tag":[],"class_list":{"0":"post-688096","1":"product","2":"type-product","3":"status-publish","4":"has-post-thumbnail","6":"product_cat-rucksaecke-taschen","7":"product_cat-zubehoer","8":"pa_brand-erima","9":"pa_brand-type-sportswear","10":"pa_filter-color-blau","11":"pa_filter-color-gruen","12":"pa_filter-color-rot","13":"pa_filter-color-schwarz","15":"first","16":"instock","17":"sale","18":"taxable","19":"shipping-taxable","20":"purchasable","21":"product-type-variable","22":"add-to-wishlist-before_image"},"exclude_global_add_ons":[],"addons":[],"acf":[],"_links":{"self":[{"href":"https:\/\/shop.kustom.ch\/it\/wp-json\/wp\/v2\/product\/688096"}],"collection":[{"href":"https:\/\/shop.kustom.ch\/it\/wp-json\/wp\/v2\/product"}],"about":[{"href":"https:\/\/shop.kustom.ch\/it\/wp-json\/wp\/v2\/types\/product"}],"wp:featuredmedia":[{"embeddable":true,"href":"https:\/\/shop.kustom.ch\/it\/wp-json\/wp\/v2\/media\/688127"}],"wp:attachment":[{"href":"https:\/\/shop.kustom.ch\/it\/wp-json\/wp\/v2\/media?parent=688096"}],"wp:term":[{"taxonomy":"product_brand","embeddable":true,"href":"https:\/\/shop.kustom.ch\/it\/wp-json\/wp\/v2\/product_brand?post=688096"},{"taxonomy":"product_cat","embeddable":true,"href":"https:\/\/shop.kustom.ch\/it\/wp-json\/wp\/v2\/product_cat?post=688096"},{"taxonomy":"product_tag","embeddable":true,"href":"https:\/\/shop.kustom.ch\/it\/wp-json\/wp\/v2\/product_tag?post=688096"}],"curies":[{"name":"wp","href":"https:\/\/api.w.org\/{rel}","templated":true}]}}