{"id":688094,"date":"2026-02-05T20:01:17","date_gmt":"2026-02-05T19:01:17","guid":{"rendered":"https:\/\/shop.kustom.ch\/?post_type=product&#038;p=688094"},"modified":"2026-03-31T12:50:05","modified_gmt":"2026-03-31T11:50:05","slug":"erima-tote-bag","status":"publish","type":"product","link":"https:\/\/shop.kustom.ch\/it\/prodotto\/erima-tote-bag\/","title":{"rendered":"Borsa ERIMA"},"content":{"rendered":"<p>Ideale per lo sport, l'universit\u00e0 o lo shopping; elegante design completamente nero; chiusura roll-top flessibile; pratica tasca con zip sul davanti; scomparto per laptop integrato, spazioso e imbottito con tasca di accesso laterale; schienale e spallacci piacevolmente imbottiti; tasca interna con zip, come spazio sicuro per gli oggetti di valore; parte inferiore in poliestere invertito resistente all'acqua; poliestere 100% 600D; dimensioni: 45-60 x 40 x 17,5 cm; Volume: 31,5-42 litri.<br \/>\n100% Poliestere<\/p>","protected":false},"excerpt":{"rendered":"<p>Ideal f\u00fcr den Sport, die Uni oder zum Einkaufen; Edles All-Black Design; Flexibler Rolltop-Verschluss; Praktische Reissverschlusstasche an der Vorderseite; Integriertes, ger\u00e4umiges und gepolstertes Laptopfach mit seitlicher Eingriffstasche; Angenehm gepolsterte R\u00fcckseite und Schultergurte; Innentasche mit Reissverschluss, als sicheren Stauraum f\u00fcr Wertsachen; Unterseite aus Water resistent reverse Polyester; 100% 600D Polyester; Masse: 45 bis 60 x 40 [&hellip;]<\/p>\n","protected":false},"featured_media":688107,"template":"","meta":[],"product_brand":[],"product_cat":[4195,4209],"product_tag":[],"class_list":{"0":"post-688094","1":"product","2":"type-product","3":"status-publish","4":"has-post-thumbnail","6":"product_cat-rucksaecke-taschen","7":"product_cat-zubehoer","8":"pa_brand-erima","9":"pa_brand-type-sportswear","10":"pa_filter-color-schwarz","12":"first","13":"instock","14":"sale","15":"taxable","16":"shipping-taxable","17":"purchasable","18":"product-type-variable","19":"add-to-wishlist-before_image"},"exclude_global_add_ons":[],"addons":[],"acf":[],"_links":{"self":[{"href":"https:\/\/shop.kustom.ch\/it\/wp-json\/wp\/v2\/product\/688094"}],"collection":[{"href":"https:\/\/shop.kustom.ch\/it\/wp-json\/wp\/v2\/product"}],"about":[{"href":"https:\/\/shop.kustom.ch\/it\/wp-json\/wp\/v2\/types\/product"}],"wp:featuredmedia":[{"embeddable":true,"href":"https:\/\/shop.kustom.ch\/it\/wp-json\/wp\/v2\/media\/688107"}],"wp:attachment":[{"href":"https:\/\/shop.kustom.ch\/it\/wp-json\/wp\/v2\/media?parent=688094"}],"wp:term":[{"taxonomy":"product_brand","embeddable":true,"href":"https:\/\/shop.kustom.ch\/it\/wp-json\/wp\/v2\/product_brand?post=688094"},{"taxonomy":"product_cat","embeddable":true,"href":"https:\/\/shop.kustom.ch\/it\/wp-json\/wp\/v2\/product_cat?post=688094"},{"taxonomy":"product_tag","embeddable":true,"href":"https:\/\/shop.kustom.ch\/it\/wp-json\/wp\/v2\/product_tag?post=688094"}],"curies":[{"name":"wp","href":"https:\/\/api.w.org\/{rel}","templated":true}]}}