{"id":687948,"date":"2026-02-05T19:59:20","date_gmt":"2026-02-05T18:59:20","guid":{"rendered":"https:\/\/shop.kustom.ch\/?post_type=product&#038;p=687948"},"modified":"2026-03-31T12:48:36","modified_gmt":"2026-03-31T11:48:36","slug":"korfball-equal-pro","status":"publish","type":"product","link":"https:\/\/shop.kustom.ch\/it\/prodotto\/korfball-equal-pro\/","title":{"rendered":"Korfball Equal Pro"},"content":{"rendered":"<p>Pallamano durevole e di alta qualit\u00e0; PU high-tech per un'aderenza eccezionale; secondo strato di supporto in soft gel per una sensazione particolarmente morbida, realizzato con bottiglie in PET riciclate; estrema aderenza ed eccellente sensazione della palla; cuciture appena percettibili grazie all'idro-cucitura; Non adatto all'uso con la resina; dimensioni e peso ridotti per una migliore maneggevolezza, in conformit\u00e0 con le specifiche IHF per i palloni senza resina; rimbalzo ottimale anche con una bassa pressione dell'aria; propriet\u00e0 di gioco e di presa ideali anche con i lanci a effetto; vescica in lattice per un rimbalzo ottimale<br \/>\nMateriale della tomaia: poliuretano 100%<\/p>","protected":false},"excerpt":{"rendered":"<p>Lang haltbarer, hochwertiger Handball; Hightech-PU f\u00fcr aussergew\u00f6hnlichen Grip; Zweite Backing-Schicht aus Soft Gel f\u00fcr ein besonders weiches Spielgef\u00fchl, hergestellt aus recycelten PET-Flaschen; Extrem griffig und exzellentes Ballgef\u00fchl; N\u00e4hte kaum sp\u00fcrbar dank Hydro Stitching; Nicht f\u00fcr die Verwendung mit Harz geeignet; Verringerte Gr\u00f6sse und Gewicht f\u00fcr bessere Handhabung, entsprechend der IHF Vorgaben f\u00fcr harzfreie B\u00e4lle; Optimaler [&hellip;]<\/p>\n","protected":false},"featured_media":687987,"template":"","meta":[],"product_brand":[],"product_cat":[4175,4209],"product_tag":[],"class_list":{"0":"post-687948","1":"product","2":"type-product","3":"status-publish","4":"has-post-thumbnail","6":"product_cat-baelle","7":"product_cat-zubehoer","8":"pa_brand-erima","9":"pa_brand-type-sportswear","10":"pa_filter-color-gelb","12":"first","13":"instock","14":"sale","15":"taxable","16":"shipping-taxable","17":"purchasable","18":"product-type-variable","19":"add-to-wishlist-before_image"},"exclude_global_add_ons":[],"addons":[],"acf":[],"_links":{"self":[{"href":"https:\/\/shop.kustom.ch\/it\/wp-json\/wp\/v2\/product\/687948"}],"collection":[{"href":"https:\/\/shop.kustom.ch\/it\/wp-json\/wp\/v2\/product"}],"about":[{"href":"https:\/\/shop.kustom.ch\/it\/wp-json\/wp\/v2\/types\/product"}],"wp:featuredmedia":[{"embeddable":true,"href":"https:\/\/shop.kustom.ch\/it\/wp-json\/wp\/v2\/media\/687987"}],"wp:attachment":[{"href":"https:\/\/shop.kustom.ch\/it\/wp-json\/wp\/v2\/media?parent=687948"}],"wp:term":[{"taxonomy":"product_brand","embeddable":true,"href":"https:\/\/shop.kustom.ch\/it\/wp-json\/wp\/v2\/product_brand?post=687948"},{"taxonomy":"product_cat","embeddable":true,"href":"https:\/\/shop.kustom.ch\/it\/wp-json\/wp\/v2\/product_cat?post=687948"},{"taxonomy":"product_tag","embeddable":true,"href":"https:\/\/shop.kustom.ch\/it\/wp-json\/wp\/v2\/product_tag?post=687948"}],"curies":[{"name":"wp","href":"https:\/\/api.w.org\/{rel}","templated":true}]}}