{"id":687946,"date":"2026-02-05T19:59:20","date_gmt":"2026-02-05T18:59:20","guid":{"rendered":"https:\/\/shop.kustom.ch\/?post_type=product&#038;p=687946"},"modified":"2026-03-31T12:48:14","modified_gmt":"2026-03-31T11:48:14","slug":"vranjes-3","status":"publish","type":"product","link":"https:\/\/shop.kustom.ch\/it\/prodotto\/vranjes-3\/","title":{"rendered":"Vranjes"},"content":{"rendered":"<p>Maglie pulite dopo un solo lavaggio!<br \/>\nDetergente speciale per maglie e affini; Rimuove i residui di resina fin dal primo lavaggio; Adatto a tutti gli intervalli di temperatura; Adatto a tutte le resine<br \/>\nMateriale della tomaia: poliuretano 100%<\/p>","protected":false},"excerpt":{"rendered":"<p>Saubere Trikots nach nur einer W\u00e4sche! Spezialwaschmittel f\u00fcr Trikots und Co.; Entfernt Harzr\u00fcckst\u00e4nde bereits beim ersten Waschen; F\u00fcr alle Temperaturbereiche geeignet; Geeignet f\u00fcr alle Harze Obermaterial: 100% Polyurethan<\/p>","protected":false},"featured_media":687960,"template":"","meta":[],"product_brand":[],"product_cat":[4175,4209],"product_tag":[],"class_list":{"0":"post-687946","1":"product","2":"type-product","3":"status-publish","4":"has-post-thumbnail","6":"product_cat-baelle","7":"product_cat-zubehoer","8":"pa_brand-erima","9":"pa_brand-type-sportswear","10":"pa_filter-color-blau","11":"pa_filter-color-grau","12":"pa_filter-color-gruen","13":"pa_filter-color-pink","15":"first","16":"instock","17":"sale","18":"taxable","19":"shipping-taxable","20":"purchasable","21":"product-type-variable","22":"add-to-wishlist-before_image"},"exclude_global_add_ons":[],"addons":[],"acf":[],"_links":{"self":[{"href":"https:\/\/shop.kustom.ch\/it\/wp-json\/wp\/v2\/product\/687946"}],"collection":[{"href":"https:\/\/shop.kustom.ch\/it\/wp-json\/wp\/v2\/product"}],"about":[{"href":"https:\/\/shop.kustom.ch\/it\/wp-json\/wp\/v2\/types\/product"}],"wp:featuredmedia":[{"embeddable":true,"href":"https:\/\/shop.kustom.ch\/it\/wp-json\/wp\/v2\/media\/687960"}],"wp:attachment":[{"href":"https:\/\/shop.kustom.ch\/it\/wp-json\/wp\/v2\/media?parent=687946"}],"wp:term":[{"taxonomy":"product_brand","embeddable":true,"href":"https:\/\/shop.kustom.ch\/it\/wp-json\/wp\/v2\/product_brand?post=687946"},{"taxonomy":"product_cat","embeddable":true,"href":"https:\/\/shop.kustom.ch\/it\/wp-json\/wp\/v2\/product_cat?post=687946"},{"taxonomy":"product_tag","embeddable":true,"href":"https:\/\/shop.kustom.ch\/it\/wp-json\/wp\/v2\/product_tag?post=687946"}],"curies":[{"name":"wp","href":"https:\/\/api.w.org\/{rel}","templated":true}]}}