{"id":687918,"date":"2026-02-05T19:58:51","date_gmt":"2026-02-05T18:58:51","guid":{"rendered":"https:\/\/shop.kustom.ch\/?post_type=product&#038;p=687918"},"modified":"2026-03-31T12:48:05","modified_gmt":"2026-03-31T11:48:05","slug":"erima-flash-junior","status":"publish","type":"product","link":"https:\/\/shop.kustom.ch\/it\/prodotto\/erima-flash-junior\/","title":{"rendered":"ERIMA FLASH Junior"},"content":{"rendered":"<p>Provate la presa perfetta con la nostra pallamano da allenamento - per lanci precisi e massimo controllo in campo!<br \/>\nVersione da allenamento resistente del nuovo pallone da partita ERIMA; rivestimento esterno in PU durevole per una buona presa e una sensazione di morbidezza durante il gioco; schiuma di supporto appositamente sviluppata per un tocco morbido eccezionale; camera d'aria in lattice per un rimbalzo ottimale; misure ERIMA per un controllo ottimale del pallone in ogni fascia d'et\u00e0; due colori \u2013 ce n'\u00e8 per tutti i gusti; adatto per giocare con la resina.<\/p>","protected":false},"excerpt":{"rendered":"<p>Erlebe den perfekten Grip mit unserem Trainingshandball \u2013 f\u00fcr pr\u00e4zise W\u00fcrfe und maximale Kontrolle auf dem Spielfeld! Strapazierf\u00e4hige Trainingsvariante des neuen ERIMA Matchballes; Langlebiges PU-Obermaterial f\u00fcr guten Grip und weiches Spielgef\u00fchl; Speziell entwickelter Backingschaum f\u00fcr aussergew\u00f6hnlichen Soft Touch; Latexblase f\u00fcr optimalen R\u00fccksprung; ERIMA Gr\u00f6ssen f\u00fcr optimale Kontrolle des Balles in jeder Altersklasse; Zwei Farben &#8211; [&hellip;]<\/p>\n","protected":false},"featured_media":687940,"template":"","meta":[],"product_brand":[],"product_cat":[4175,4209],"product_tag":[],"class_list":{"0":"post-687918","1":"product","2":"type-product","3":"status-publish","4":"has-post-thumbnail","6":"product_cat-baelle","7":"product_cat-zubehoer","8":"pa_brand-erima","9":"pa_brand-type-sportswear","10":"pa_filter-color-blau","11":"pa_filter-color-orange","13":"first","14":"instock","15":"sale","16":"taxable","17":"shipping-taxable","18":"purchasable","19":"product-type-variable","20":"add-to-wishlist-before_image"},"exclude_global_add_ons":[],"addons":[],"acf":[],"_links":{"self":[{"href":"https:\/\/shop.kustom.ch\/it\/wp-json\/wp\/v2\/product\/687918"}],"collection":[{"href":"https:\/\/shop.kustom.ch\/it\/wp-json\/wp\/v2\/product"}],"about":[{"href":"https:\/\/shop.kustom.ch\/it\/wp-json\/wp\/v2\/types\/product"}],"wp:featuredmedia":[{"embeddable":true,"href":"https:\/\/shop.kustom.ch\/it\/wp-json\/wp\/v2\/media\/687940"}],"wp:attachment":[{"href":"https:\/\/shop.kustom.ch\/it\/wp-json\/wp\/v2\/media?parent=687918"}],"wp:term":[{"taxonomy":"product_brand","embeddable":true,"href":"https:\/\/shop.kustom.ch\/it\/wp-json\/wp\/v2\/product_brand?post=687918"},{"taxonomy":"product_cat","embeddable":true,"href":"https:\/\/shop.kustom.ch\/it\/wp-json\/wp\/v2\/product_cat?post=687918"},{"taxonomy":"product_tag","embeddable":true,"href":"https:\/\/shop.kustom.ch\/it\/wp-json\/wp\/v2\/product_tag?post=687918"}],"curies":[{"name":"wp","href":"https:\/\/api.w.org\/{rel}","templated":true}]}}