{"id":687917,"date":"2026-02-05T19:58:51","date_gmt":"2026-02-05T18:58:51","guid":{"rendered":"https:\/\/shop.kustom.ch\/?post_type=product&#038;p=687917"},"modified":"2026-03-31T12:47:37","modified_gmt":"2026-03-31T11:47:37","slug":"erima-hybrid-lite-290-2","status":"publish","type":"product","link":"https:\/\/shop.kustom.ch\/it\/prodotto\/erima-hybrid-lite-290-2\/","title":{"rendered":"ERIMA HYBRID Lite 290"},"content":{"rendered":"<p>PU estremamente resistente con struttura 3D; inchiostri di stampa sostenibili a base d'acqua; materiale della tomaia robusto e morbido per migliorare la sensibilit\u00e0 e la durata della palla; tecnologia ERIMA Hybrid; assorbimento minimo dell'acqua in caso di pioggia; perfette con qualsiasi tempo e su qualsiasi superficie<br \/>\nMateriale della tomaia: poliuretano 100%<\/p>","protected":false},"excerpt":{"rendered":"<p>\u00c4usserst langlebiges PU mit 3D-Struktur; Nachhaltige wasserbasierte Druckfarben; Robustes, weiches Obermaterial f\u00fcr verbessertes Ballgef\u00fchl und Haltbarkeit; ERIMA Hybrid Technologie; Minimale Wasseraufnahme bei Regen; Bei jedem Wetter und auf jedem Untergrund perfekt geeignet Obermaterial: 100% Polyurethan<\/p>","protected":false},"featured_media":687933,"template":"","meta":[],"product_brand":[],"product_cat":[4175,4209],"product_tag":[],"class_list":{"0":"post-687917","1":"product","2":"type-product","3":"status-publish","4":"has-post-thumbnail","6":"product_cat-baelle","7":"product_cat-zubehoer","8":"pa_brand-erima","9":"pa_brand-type-sportswear","10":"pa_filter-color-blau","11":"pa_filter-color-gruen","12":"pa_filter-color-rot","14":"first","15":"instock","16":"sale","17":"taxable","18":"shipping-taxable","19":"purchasable","20":"product-type-variable","21":"add-to-wishlist-before_image"},"exclude_global_add_ons":[],"addons":[],"acf":[],"_links":{"self":[{"href":"https:\/\/shop.kustom.ch\/it\/wp-json\/wp\/v2\/product\/687917"}],"collection":[{"href":"https:\/\/shop.kustom.ch\/it\/wp-json\/wp\/v2\/product"}],"about":[{"href":"https:\/\/shop.kustom.ch\/it\/wp-json\/wp\/v2\/types\/product"}],"wp:featuredmedia":[{"embeddable":true,"href":"https:\/\/shop.kustom.ch\/it\/wp-json\/wp\/v2\/media\/687933"}],"wp:attachment":[{"href":"https:\/\/shop.kustom.ch\/it\/wp-json\/wp\/v2\/media?parent=687917"}],"wp:term":[{"taxonomy":"product_brand","embeddable":true,"href":"https:\/\/shop.kustom.ch\/it\/wp-json\/wp\/v2\/product_brand?post=687917"},{"taxonomy":"product_cat","embeddable":true,"href":"https:\/\/shop.kustom.ch\/it\/wp-json\/wp\/v2\/product_cat?post=687917"},{"taxonomy":"product_tag","embeddable":true,"href":"https:\/\/shop.kustom.ch\/it\/wp-json\/wp\/v2\/product_tag?post=687917"}],"curies":[{"name":"wp","href":"https:\/\/api.w.org\/{rel}","templated":true}]}}