{"id":687869,"date":"2026-02-05T19:58:35","date_gmt":"2026-02-05T18:58:35","guid":{"rendered":"https:\/\/shop.kustom.ch\/?post_type=product&#038;p=687869"},"modified":"2026-03-31T12:46:57","modified_gmt":"2026-03-31T11:46:57","slug":"trucker-cap","status":"publish","type":"product","link":"https:\/\/shop.kustom.ch\/it\/prodotto\/trucker-cap\/","title":{"rendered":"Cappello da camionista"},"content":{"rendered":"<p>Logo ERIMA retr\u00f2 ricamato sul davanti; il retro in mesh traspirante assicura una vestibilit\u00e0 confortevole; il cinturino regolabile consente una vestibilit\u00e0 flessibile; disponibile in taglie per bambini e adulti<br \/>\n60 % cotone, 40 % poliammide<\/p>","protected":false},"excerpt":{"rendered":"<p>Gesticktes ERIMA Retro-Logo auf der Vorderseite; Atmungsaktive Mesh-R\u00fcckseite sorgt f\u00fcr angenehmen Tragekomfort; Verstellbarer Riegel erm\u00f6glicht eine flexible Anpassung; Erh\u00e4ltlich in Kinder- und Erwachsenengr\u00f6sse 60 % Baumwolle, 40 % Polyamid<\/p>","protected":false},"featured_media":687913,"template":"","meta":[],"product_brand":[],"product_cat":[4177,4209],"product_tag":[],"class_list":{"0":"post-687869","1":"product","2":"type-product","3":"status-publish","4":"has-post-thumbnail","6":"product_cat-caps-muetzen","7":"product_cat-zubehoer","8":"pa_brand-erima","9":"pa_brand-type-sportswear","10":"pa_filter-color-schwarz","12":"first","13":"instock","14":"sale","15":"taxable","16":"shipping-taxable","17":"purchasable","18":"product-type-variable","19":"add-to-wishlist-before_image"},"exclude_global_add_ons":[],"addons":[],"acf":[],"_links":{"self":[{"href":"https:\/\/shop.kustom.ch\/it\/wp-json\/wp\/v2\/product\/687869"}],"collection":[{"href":"https:\/\/shop.kustom.ch\/it\/wp-json\/wp\/v2\/product"}],"about":[{"href":"https:\/\/shop.kustom.ch\/it\/wp-json\/wp\/v2\/types\/product"}],"wp:featuredmedia":[{"embeddable":true,"href":"https:\/\/shop.kustom.ch\/it\/wp-json\/wp\/v2\/media\/687913"}],"wp:attachment":[{"href":"https:\/\/shop.kustom.ch\/it\/wp-json\/wp\/v2\/media?parent=687869"}],"wp:term":[{"taxonomy":"product_brand","embeddable":true,"href":"https:\/\/shop.kustom.ch\/it\/wp-json\/wp\/v2\/product_brand?post=687869"},{"taxonomy":"product_cat","embeddable":true,"href":"https:\/\/shop.kustom.ch\/it\/wp-json\/wp\/v2\/product_cat?post=687869"},{"taxonomy":"product_tag","embeddable":true,"href":"https:\/\/shop.kustom.ch\/it\/wp-json\/wp\/v2\/product_tag?post=687869"}],"curies":[{"name":"wp","href":"https:\/\/api.w.org\/{rel}","templated":true}]}}