{"id":687013,"date":"2026-02-05T19:53:33","date_gmt":"2026-02-05T18:53:33","guid":{"rendered":"https:\/\/shop.kustom.ch\/?post_type=product&#038;p=687013"},"modified":"2026-03-31T12:41:40","modified_gmt":"2026-03-31T11:41:40","slug":"six-wings-socks","status":"publish","type":"product","link":"https:\/\/shop.kustom.ch\/it\/prodotto\/six-wings-socks\/","title":{"rendered":"Calzini SIX WINGS"},"content":{"rendered":"<p>Qualit\u00e0 lifestyle sportiva; vestibilit\u00e0 aderente e regolare; design ERIMA 6 WINGS sul polpaccio; maglia elastica intorno al mesopiede per un sostegno ottimale e una maggiore resistenza allo scivolamento;<br \/>\n59% poliestere, 32% cotone, 5% poliammide, 4% elastan<\/p>","protected":false},"excerpt":{"rendered":"<p>Sportliche Lifestyle-Qualit\u00e4t; Anschmiegsame, regul\u00e4re Passform; ERIMA 6 WINGS Design an der Wade; Elastikstrick um den Mittelfuss f\u00fcr optimalen Halt und Rutschfestigkeit; 59% Polyester, 32% Baumwolle, 5% Polyamid, 4% Elasthan<\/p>","protected":false},"featured_media":687014,"template":"","meta":[],"product_brand":[],"product_cat":[4199],"product_tag":[],"class_list":{"0":"post-687013","1":"product","2":"type-product","3":"status-publish","4":"has-post-thumbnail","6":"product_cat-socken","7":"pa_brand-erima","8":"pa_brand-type-sportswear","9":"pa_filter-color-blau","10":"pa_filter-color-gruen","11":"pa_filter-color-rot","12":"pa_filter-color-schwarz","13":"pa_filter-color-weiss","15":"first","16":"instock","17":"sale","18":"taxable","19":"shipping-taxable","20":"purchasable","21":"product-type-variable","22":"add-to-wishlist-before_image"},"exclude_global_add_ons":[],"addons":[],"acf":[],"_links":{"self":[{"href":"https:\/\/shop.kustom.ch\/it\/wp-json\/wp\/v2\/product\/687013"}],"collection":[{"href":"https:\/\/shop.kustom.ch\/it\/wp-json\/wp\/v2\/product"}],"about":[{"href":"https:\/\/shop.kustom.ch\/it\/wp-json\/wp\/v2\/types\/product"}],"wp:featuredmedia":[{"embeddable":true,"href":"https:\/\/shop.kustom.ch\/it\/wp-json\/wp\/v2\/media\/687014"}],"wp:attachment":[{"href":"https:\/\/shop.kustom.ch\/it\/wp-json\/wp\/v2\/media?parent=687013"}],"wp:term":[{"taxonomy":"product_brand","embeddable":true,"href":"https:\/\/shop.kustom.ch\/it\/wp-json\/wp\/v2\/product_brand?post=687013"},{"taxonomy":"product_cat","embeddable":true,"href":"https:\/\/shop.kustom.ch\/it\/wp-json\/wp\/v2\/product_cat?post=687013"},{"taxonomy":"product_tag","embeddable":true,"href":"https:\/\/shop.kustom.ch\/it\/wp-json\/wp\/v2\/product_tag?post=687013"}],"curies":[{"name":"wp","href":"https:\/\/api.w.org\/{rel}","templated":true}]}}