{"id":680298,"date":"2026-01-29T14:50:36","date_gmt":"2026-01-29T13:50:36","guid":{"rendered":"https:\/\/shop.kustom.ch\/?post_type=product&#038;p=680298"},"modified":"2026-03-31T16:01:07","modified_gmt":"2026-03-31T15:01:07","slug":"allwetterjacke-light-one","status":"publish","type":"product","link":"https:\/\/shop.kustom.ch\/it\/prodotto\/allwetterjacke-light-one\/","title":{"rendered":"Giacca Light One per tutte le stagioni"},"content":{"rendered":"<p>Materiale della tomaia idrorepellente con laminazione<br \/>\nSchiena estesa<br \/>\nPolsini con elastico<br \/>\n100 poliestere % (riciclato)<br \/>\n1500 mm TPU<\/p>","protected":false},"excerpt":{"rendered":"<p>Wasserabweisendes Obermaterial mit Laminierung Verl\u00e4ngerter R\u00fccken \u00c4rmelabschluss mit elastischer Binding 100 % Polyester (recycelt) 1500 mm TPU<\/p>","protected":false},"featured_media":680313,"template":"","meta":[],"product_brand":[],"product_cat":[4186],"product_tag":[],"class_list":{"0":"post-680298","1":"product","2":"type-product","3":"status-publish","4":"has-post-thumbnail","6":"product_cat-jacken","7":"pa_brand-jako","8":"pa_brand-type-sportswear","9":"pa_filter-color-blau","10":"pa_filter-color-grau","11":"pa_filter-color-gruen","12":"pa_filter-color-rot","13":"pa_filter-color-schwarz","15":"first","16":"instock","17":"sale","18":"taxable","19":"shipping-taxable","20":"purchasable","21":"product-type-variable","22":"add-to-wishlist-before_image"},"exclude_global_add_ons":[],"addons":[],"acf":[],"_links":{"self":[{"href":"https:\/\/shop.kustom.ch\/it\/wp-json\/wp\/v2\/product\/680298"}],"collection":[{"href":"https:\/\/shop.kustom.ch\/it\/wp-json\/wp\/v2\/product"}],"about":[{"href":"https:\/\/shop.kustom.ch\/it\/wp-json\/wp\/v2\/types\/product"}],"wp:featuredmedia":[{"embeddable":true,"href":"https:\/\/shop.kustom.ch\/it\/wp-json\/wp\/v2\/media\/680313"}],"wp:attachment":[{"href":"https:\/\/shop.kustom.ch\/it\/wp-json\/wp\/v2\/media?parent=680298"}],"wp:term":[{"taxonomy":"product_brand","embeddable":true,"href":"https:\/\/shop.kustom.ch\/it\/wp-json\/wp\/v2\/product_brand?post=680298"},{"taxonomy":"product_cat","embeddable":true,"href":"https:\/\/shop.kustom.ch\/it\/wp-json\/wp\/v2\/product_cat?post=680298"},{"taxonomy":"product_tag","embeddable":true,"href":"https:\/\/shop.kustom.ch\/it\/wp-json\/wp\/v2\/product_tag?post=680298"}],"curies":[{"name":"wp","href":"https:\/\/api.w.org\/{rel}","templated":true}]}}