{"id":680179,"date":"2026-01-29T14:49:47","date_gmt":"2026-01-29T13:49:47","guid":{"rendered":"https:\/\/shop.kustom.ch\/?post_type=product&#038;p=680179"},"modified":"2026-03-31T16:00:50","modified_gmt":"2026-03-31T15:00:50","slug":"allwetterjacke-one","status":"publish","type":"product","link":"https:\/\/shop.kustom.ch\/it\/prodotto\/allwetterjacke-one\/","title":{"rendered":"Giacca per tutte le stagioni One"},"content":{"rendered":"<p>Materiale della tomaia idrorepellente con laminazione<br \/>\nSchiena estesa<br \/>\nFodera interna in rete con finitura aperta sul retro<br \/>\nPolsini con inserto elastico<br \/>\nCappuccio integrato nel colletto<br \/>\nTasche laterali con zip<br \/>\n100 poliestere % (riciclato)<br \/>\n1500 mm TPU<br \/>\nFodera interna: 100 poliestere % (riciclato)<\/p>","protected":false},"excerpt":{"rendered":"<p>Wasserabweisendes Obermaterial mit Laminierung Verl\u00e4ngerter R\u00fccken Innenfutter aus Mesh mit offenem Abschluss im R\u00fccken \u00c4rmelabschluss mit elastischem Einsatz Im Kragen integrierte Kapuze Seitentaschen mit Reissverschluss 100 % Polyester (recycelt) 1500 mm TPU Innenfutter: 100 % Polyester (recycelt)<\/p>","protected":false},"featured_media":680234,"template":"","meta":[],"product_brand":[],"product_cat":[4186],"product_tag":[],"class_list":{"0":"post-680179","1":"product","2":"type-product","3":"status-publish","4":"has-post-thumbnail","6":"product_cat-jacken","7":"pa_brand-jako","8":"pa_brand-type-sportswear","9":"pa_filter-color-blau","10":"pa_filter-color-grau","11":"pa_filter-color-gruen","12":"pa_filter-color-rot","13":"pa_filter-color-schwarz","15":"first","16":"instock","17":"sale","18":"taxable","19":"shipping-taxable","20":"purchasable","21":"product-type-variable","22":"add-to-wishlist-before_image"},"exclude_global_add_ons":[],"addons":[],"acf":[],"_links":{"self":[{"href":"https:\/\/shop.kustom.ch\/it\/wp-json\/wp\/v2\/product\/680179"}],"collection":[{"href":"https:\/\/shop.kustom.ch\/it\/wp-json\/wp\/v2\/product"}],"about":[{"href":"https:\/\/shop.kustom.ch\/it\/wp-json\/wp\/v2\/types\/product"}],"wp:featuredmedia":[{"embeddable":true,"href":"https:\/\/shop.kustom.ch\/it\/wp-json\/wp\/v2\/media\/680234"}],"wp:attachment":[{"href":"https:\/\/shop.kustom.ch\/it\/wp-json\/wp\/v2\/media?parent=680179"}],"wp:term":[{"taxonomy":"product_brand","embeddable":true,"href":"https:\/\/shop.kustom.ch\/it\/wp-json\/wp\/v2\/product_brand?post=680179"},{"taxonomy":"product_cat","embeddable":true,"href":"https:\/\/shop.kustom.ch\/it\/wp-json\/wp\/v2\/product_cat?post=680179"},{"taxonomy":"product_tag","embeddable":true,"href":"https:\/\/shop.kustom.ch\/it\/wp-json\/wp\/v2\/product_tag?post=680179"}],"curies":[{"name":"wp","href":"https:\/\/api.w.org\/{rel}","templated":true}]}}