{"id":680055,"date":"2026-01-29T14:48:55","date_gmt":"2026-01-29T13:48:55","guid":{"rendered":"https:\/\/shop.kustom.ch\/?post_type=product&#038;p=680055"},"modified":"2026-03-31T16:00:26","modified_gmt":"2026-03-31T15:00:26","slug":"coachjacke-one-mit-kapuze","status":"publish","type":"product","link":"https:\/\/shop.kustom.ch\/it\/prodotto\/coachjacke-one-mit-kapuze\/","title":{"rendered":"Giacca Coach One con cappuccio"},"content":{"rendered":"<p>Materiale esterno antivento e idrorepellente con laminazione<br \/>\nImbottitura isolante<br \/>\nColletto separato con morbido pile all'interno<br \/>\nPolsini con elastico integrato<br \/>\nCappuccio con coulisse e stopper<br \/>\nSenza cordoncini per le taglie da bambino<br \/>\nTasche laterali con zip<br \/>\nTwill di poliestere<br \/>\n100 poliestere % (riciclato)<br \/>\n3000 mm TPU<br \/>\nImbottitura: 100 poliestere % (riciclato)<\/p>","protected":false},"excerpt":{"rendered":"<p>Wind- und wasserabweisendes Obermaterial mit Laminierung W\u00e4rmeisolierende Wattierung Separater Kragen mit weichem Fleece auf der Innenseite \u00c4rmelabschluss mit eingearbeitetem Gummi Kapuze mit Kordelzug und Stoppern Ohne Kordeln bei Kindergr\u00f6ssen Seitentaschen mit Reissverschluss Polyester-Twill 100 % Polyester (recycelt) 3000 mm TPU Wattierung: 100 % Polyester (recycelt)<\/p>","protected":false},"featured_media":680123,"template":"","meta":[],"product_brand":[],"product_cat":[4186],"product_tag":[],"class_list":{"0":"post-680055","1":"product","2":"type-product","3":"status-publish","4":"has-post-thumbnail","6":"product_cat-jacken","7":"pa_brand-jako","8":"pa_brand-type-sportswear","9":"pa_filter-color-blau","10":"pa_filter-color-grau","11":"pa_filter-color-gruen","12":"pa_filter-color-rot","13":"pa_filter-color-schwarz","15":"first","16":"instock","17":"sale","18":"taxable","19":"shipping-taxable","20":"purchasable","21":"product-type-variable","22":"add-to-wishlist-before_image"},"exclude_global_add_ons":[],"addons":[],"acf":[],"_links":{"self":[{"href":"https:\/\/shop.kustom.ch\/it\/wp-json\/wp\/v2\/product\/680055"}],"collection":[{"href":"https:\/\/shop.kustom.ch\/it\/wp-json\/wp\/v2\/product"}],"about":[{"href":"https:\/\/shop.kustom.ch\/it\/wp-json\/wp\/v2\/types\/product"}],"wp:featuredmedia":[{"embeddable":true,"href":"https:\/\/shop.kustom.ch\/it\/wp-json\/wp\/v2\/media\/680123"}],"wp:attachment":[{"href":"https:\/\/shop.kustom.ch\/it\/wp-json\/wp\/v2\/media?parent=680055"}],"wp:term":[{"taxonomy":"product_brand","embeddable":true,"href":"https:\/\/shop.kustom.ch\/it\/wp-json\/wp\/v2\/product_brand?post=680055"},{"taxonomy":"product_cat","embeddable":true,"href":"https:\/\/shop.kustom.ch\/it\/wp-json\/wp\/v2\/product_cat?post=680055"},{"taxonomy":"product_tag","embeddable":true,"href":"https:\/\/shop.kustom.ch\/it\/wp-json\/wp\/v2\/product_tag?post=680055"}],"curies":[{"name":"wp","href":"https:\/\/api.w.org\/{rel}","templated":true}]}}