{"id":677408,"date":"2026-01-29T14:32:27","date_gmt":"2026-01-29T13:32:27","guid":{"rendered":"https:\/\/shop.kustom.ch\/?post_type=product&#038;p=677408"},"modified":"2026-03-31T15:53:12","modified_gmt":"2026-03-31T14:53:12","slug":"sportschuh-citybeat-junior","status":"publish","type":"product","link":"https:\/\/shop.kustom.ch\/it\/prodotto\/sportschuh-citybeat-junior\/","title":{"rendered":"Scarpa sportiva Citybeat Junior"},"content":{"rendered":"<p>Taglia 28 - 35 con chiusura in velcro<br \/>\nTaglia 36 - 40 con allacciatura<br \/>\nPer gli sport scolastici e del tempo libero<br \/>\nCon suola in gomma<\/p>","protected":false},"excerpt":{"rendered":"<p>Gr\u00f6sse 28 &#8211; 35 mit Klettverschluss Gr\u00f6sse 36 &#8211; 40 mit Schn\u00fcrung F\u00fcr Schul- und Freizeitsport Mit Gummilaufsohle<\/p>","protected":false},"featured_media":677434,"template":"","meta":[],"product_brand":[],"product_cat":[4197,4209],"product_tag":[],"class_list":{"0":"post-677408","1":"product","2":"type-product","3":"status-publish","4":"has-post-thumbnail","6":"product_cat-schuhe-sandalen","7":"product_cat-zubehoer","8":"pa_brand-jako","9":"pa_brand-type-sportswear","10":"pa_filter-color-blau","11":"pa_filter-color-rot","12":"pa_filter-color-schwarz","14":"first","15":"instock","16":"sale","17":"taxable","18":"shipping-taxable","19":"purchasable","20":"product-type-variable","21":"add-to-wishlist-before_image"},"exclude_global_add_ons":[],"addons":[],"acf":[],"_links":{"self":[{"href":"https:\/\/shop.kustom.ch\/it\/wp-json\/wp\/v2\/product\/677408"}],"collection":[{"href":"https:\/\/shop.kustom.ch\/it\/wp-json\/wp\/v2\/product"}],"about":[{"href":"https:\/\/shop.kustom.ch\/it\/wp-json\/wp\/v2\/types\/product"}],"wp:featuredmedia":[{"embeddable":true,"href":"https:\/\/shop.kustom.ch\/it\/wp-json\/wp\/v2\/media\/677434"}],"wp:attachment":[{"href":"https:\/\/shop.kustom.ch\/it\/wp-json\/wp\/v2\/media?parent=677408"}],"wp:term":[{"taxonomy":"product_brand","embeddable":true,"href":"https:\/\/shop.kustom.ch\/it\/wp-json\/wp\/v2\/product_brand?post=677408"},{"taxonomy":"product_cat","embeddable":true,"href":"https:\/\/shop.kustom.ch\/it\/wp-json\/wp\/v2\/product_cat?post=677408"},{"taxonomy":"product_tag","embeddable":true,"href":"https:\/\/shop.kustom.ch\/it\/wp-json\/wp\/v2\/product_tag?post=677408"}],"curies":[{"name":"wp","href":"https:\/\/api.w.org\/{rel}","templated":true}]}}