{"id":676927,"date":"2026-01-29T14:29:30","date_gmt":"2026-01-29T13:29:30","guid":{"rendered":"https:\/\/shop.kustom.ch\/?post_type=product&#038;p=676927"},"modified":"2026-05-14T13:36:40","modified_gmt":"2026-05-14T12:36:40","slug":"trikot-sonic-ka","status":"publish","type":"product","link":"https:\/\/shop.kustom.ch\/it\/prodotto\/trikot-sonic-ka\/","title":{"rendered":"Maglia Sonic KA"},"content":{"rendered":"<p>Ideale per la finitura<br \/>\nCon struttura sul retro<br \/>\nStampa dinamica sul corpo e sulle maniche<br \/>\nDettagli a contrasto su colletto e polsini<br \/>\nOcchiello in poliestere<br \/>\n100 poliestere % (riciclato)<\/p>","protected":false},"excerpt":{"rendered":"<p>Ideal zum Veredeln Mit Struktur am R\u00fccken Dynamisches Print-Design in Body und \u00c4rmel Kontrastdetails an Kragen- und \u00c4rmelabschluss Polyester-Eyelet 100 % Polyester (recycelt)<\/p>","protected":false},"featured_media":676966,"template":"","meta":[],"product_brand":[],"product_cat":[4205],"product_tag":[],"class_list":{"0":"post-676927","1":"product","2":"type-product","3":"status-publish","4":"has-post-thumbnail","6":"product_cat-trikots","7":"pa_brand-jako","8":"pa_brand-type-sportswear","9":"pa_filter-color-beige","10":"pa_filter-color-blau","11":"pa_filter-color-gelb","12":"pa_filter-color-gruen","13":"pa_filter-color-rot","14":"pa_filter-color-schwarz","15":"pa_filter-color-weiss","17":"first","18":"instock","19":"sale","20":"taxable","21":"shipping-taxable","22":"purchasable","23":"product-type-variable","24":"add-to-wishlist-before_image"},"exclude_global_add_ons":[],"addons":[],"acf":[],"_links":{"self":[{"href":"https:\/\/shop.kustom.ch\/it\/wp-json\/wp\/v2\/product\/676927"}],"collection":[{"href":"https:\/\/shop.kustom.ch\/it\/wp-json\/wp\/v2\/product"}],"about":[{"href":"https:\/\/shop.kustom.ch\/it\/wp-json\/wp\/v2\/types\/product"}],"wp:featuredmedia":[{"embeddable":true,"href":"https:\/\/shop.kustom.ch\/it\/wp-json\/wp\/v2\/media\/676966"}],"wp:attachment":[{"href":"https:\/\/shop.kustom.ch\/it\/wp-json\/wp\/v2\/media?parent=676927"}],"wp:term":[{"taxonomy":"product_brand","embeddable":true,"href":"https:\/\/shop.kustom.ch\/it\/wp-json\/wp\/v2\/product_brand?post=676927"},{"taxonomy":"product_cat","embeddable":true,"href":"https:\/\/shop.kustom.ch\/it\/wp-json\/wp\/v2\/product_cat?post=676927"},{"taxonomy":"product_tag","embeddable":true,"href":"https:\/\/shop.kustom.ch\/it\/wp-json\/wp\/v2\/product_tag?post=676927"}],"curies":[{"name":"wp","href":"https:\/\/api.w.org\/{rel}","templated":true}]}}