{"id":676616,"date":"2026-01-29T14:26:08","date_gmt":"2026-01-29T13:26:08","guid":{"rendered":"https:\/\/shop.kustom.ch\/?post_type=product&#038;p=676616"},"modified":"2026-03-31T15:50:22","modified_gmt":"2026-03-31T14:50:22","slug":"tw-handschuh-rs89-team-hybrid-cut","status":"publish","type":"product","link":"https:\/\/shop.kustom.ch\/it\/prodotto\/tw-handschuh-rs89-team-hybrid-cut\/","title":{"rendered":"Guanto TW RS89 TEAM Taglio ibrido"},"content":{"rendered":"<p>Schiuma adesiva di qualit\u00e0 tedesca<br \/>\nTaglio ibrido<br \/>\nCinghia elastica per il fissaggio<br \/>\nNeoprene traspirante per la massima ventilazione<br \/>\nPressione del silicone nell'area del pugno<\/p>","protected":false},"excerpt":{"rendered":"<p>Deutscher Qualit\u00e4tshaftschaum Hybrid Cut Elastischer Strap zur Fixierung Atmungsaktives Neopren f\u00fcr maximale Bel\u00fcftung Silikondruck im Bereich der Faustzone<\/p>","protected":false},"featured_media":676686,"template":"","meta":[],"product_brand":[],"product_cat":[4203,4209],"product_tag":[],"class_list":{"0":"post-676616","1":"product","2":"type-product","3":"status-publish","4":"has-post-thumbnail","6":"product_cat-torwarthandschuhe","7":"product_cat-zubehoer","8":"pa_brand-jako","9":"pa_brand-type-sportswear","10":"pa_filter-color-weiss","12":"first","13":"instock","14":"sale","15":"taxable","16":"shipping-taxable","17":"purchasable","18":"product-type-variable","19":"add-to-wishlist-before_image"},"exclude_global_add_ons":[],"addons":[],"acf":[],"_links":{"self":[{"href":"https:\/\/shop.kustom.ch\/it\/wp-json\/wp\/v2\/product\/676616"}],"collection":[{"href":"https:\/\/shop.kustom.ch\/it\/wp-json\/wp\/v2\/product"}],"about":[{"href":"https:\/\/shop.kustom.ch\/it\/wp-json\/wp\/v2\/types\/product"}],"wp:featuredmedia":[{"embeddable":true,"href":"https:\/\/shop.kustom.ch\/it\/wp-json\/wp\/v2\/media\/676686"}],"wp:attachment":[{"href":"https:\/\/shop.kustom.ch\/it\/wp-json\/wp\/v2\/media?parent=676616"}],"wp:term":[{"taxonomy":"product_brand","embeddable":true,"href":"https:\/\/shop.kustom.ch\/it\/wp-json\/wp\/v2\/product_brand?post=676616"},{"taxonomy":"product_cat","embeddable":true,"href":"https:\/\/shop.kustom.ch\/it\/wp-json\/wp\/v2\/product_cat?post=676616"},{"taxonomy":"product_tag","embeddable":true,"href":"https:\/\/shop.kustom.ch\/it\/wp-json\/wp\/v2\/product_tag?post=676616"}],"curies":[{"name":"wp","href":"https:\/\/api.w.org\/{rel}","templated":true}]}}