{"id":676577,"date":"2026-01-29T14:25:01","date_gmt":"2026-01-29T13:25:01","guid":{"rendered":"https:\/\/shop.kustom.ch\/?post_type=product&#038;p=676577"},"modified":"2026-03-31T15:49:30","modified_gmt":"2026-03-31T14:49:30","slug":"rucksack-matchday","status":"publish","type":"product","link":"https:\/\/shop.kustom.ch\/it\/prodotto\/rucksack-matchday\/","title":{"rendered":"Zaino in spalla"},"content":{"rendered":"<p>Ampio scomparto principale, accessibile attraverso un'ulteriore apertura frontale<br \/>\nScomparto inferiore integrato<br \/>\nScomparti interni<br \/>\nScomparto interno aggiuntivo in rete<br \/>\nTasca separata con zip sul davanti<br \/>\nScomparto per laptop con accesso laterale supplementare<br \/>\nTasche laterali in rete<br \/>\nFascia toracica regolabile<br \/>\nSchienale imbottito e trapuntato e spallacci imbottiti<br \/>\nCon chiusura roll-top<br \/>\n30 x 19 x 76 cm (LxLxH)<br \/>\nIdeale per la finitura<br \/>\nPoliestere 300 D<br \/>\n100 poliestere % (riciclato)<\/p>","protected":false},"excerpt":{"rendered":"<p>Ger\u00e4umiges Hauptfach, durch zus\u00e4tzliche Front\u00f6ffnung zug\u00e4ngig Integriertes Bodenfach Innenf\u00e4cher Zus\u00e4tzliches Mesh-Innenfach Separate Reissverschlusstasche auf der Vorderseite Laptopfach mit zus\u00e4tzlichem Seitenzugang Seitliche Einschubtaschen aus Mesh Verstellbarer Brustgurt Gepolsterter, abgesteppter R\u00fccken sowie gepolsterte Tragegurte Mit Rolltop-Verschluss 30 x 19 x 76 cm (LxBxH) Ideal zum Veredeln Polyester 300 D 100 % Polyester (recycelt)<\/p>","protected":false},"featured_media":676611,"template":"","meta":[],"product_brand":[],"product_cat":[4195,4209],"product_tag":[],"class_list":{"0":"post-676577","1":"product","2":"type-product","3":"status-publish","4":"has-post-thumbnail","6":"product_cat-rucksaecke-taschen","7":"product_cat-zubehoer","8":"pa_brand-jako","9":"pa_brand-type-sportswear","10":"pa_filter-color-schwarz","12":"first","13":"instock","14":"sale","15":"taxable","16":"shipping-taxable","17":"purchasable","18":"product-type-variable","19":"add-to-wishlist-before_image"},"exclude_global_add_ons":[],"addons":[],"acf":[],"_links":{"self":[{"href":"https:\/\/shop.kustom.ch\/it\/wp-json\/wp\/v2\/product\/676577"}],"collection":[{"href":"https:\/\/shop.kustom.ch\/it\/wp-json\/wp\/v2\/product"}],"about":[{"href":"https:\/\/shop.kustom.ch\/it\/wp-json\/wp\/v2\/types\/product"}],"wp:featuredmedia":[{"embeddable":true,"href":"https:\/\/shop.kustom.ch\/it\/wp-json\/wp\/v2\/media\/676611"}],"wp:attachment":[{"href":"https:\/\/shop.kustom.ch\/it\/wp-json\/wp\/v2\/media?parent=676577"}],"wp:term":[{"taxonomy":"product_brand","embeddable":true,"href":"https:\/\/shop.kustom.ch\/it\/wp-json\/wp\/v2\/product_brand?post=676577"},{"taxonomy":"product_cat","embeddable":true,"href":"https:\/\/shop.kustom.ch\/it\/wp-json\/wp\/v2\/product_cat?post=676577"},{"taxonomy":"product_tag","embeddable":true,"href":"https:\/\/shop.kustom.ch\/it\/wp-json\/wp\/v2\/product_tag?post=676577"}],"curies":[{"name":"wp","href":"https:\/\/api.w.org\/{rel}","templated":true}]}}