{"id":674416,"date":"2025-10-15T10:01:03","date_gmt":"2025-10-15T09:01:03","guid":{"rendered":"https:\/\/shop.kustom.ch\/?post_type=product&#038;p=674416"},"modified":"2026-03-24T18:57:23","modified_gmt":"2026-03-24T17:57:23","slug":"oxford-winter-jacket","status":"publish","type":"product","link":"https:\/\/shop.kustom.ch\/it\/prodotto\/oxford-winter-jacket\/","title":{"rendered":"GIACCA INVERNALE HELLY HANSEN OXFORD"},"content":{"rendered":"<p>Questa giacca invernale da lavoro di Helly Hansen \u00e8 affidabile e resistente come voi. Dotata di dettagli di alta qualit\u00e0 come le cerniere YKK\u00ae sul davanti e sulle tasche, la giacca invernale Oxford pu\u00f2 essere regolata perfettamente in base alla vostra vestibilit\u00e0 su orlo, polsini e cappuccio. La combinazione di membrana performante Helly Tech\u00ae e isolamento Primaloft\u00ae vi mantiene caldi, asciutti e comodi sotto la pioggia e la neve. La schiena allungata e le maniche preformate offrono una libert\u00e0 di movimento ottimale. La zona delle spalle ad alta usura \u00e8 priva di cuciture per migliorare la durata e aumentare il comfort quando si trasporta l'attrezzatura. La mentoniera pu\u00f2 essere estesa aprendo completamente la zip anteriore. Il colletto \u00e8 foderato in poliestere spazzolato per offrire il comfort che ci si aspetta da una giacca da lavoro invernale.<\/p><p><\/p><p><strong>Propriet\u00e0<\/strong><br>HELLY TECH\u00ae PERFORMANCE<br>PrimaLoft\u00ae BLACK Eco<br>Filati AMANN - Qualit\u00e0 tedesca<br>Cuciture incollate in modo critico<br>Nessuna cucitura sulle spalle<br>Cappuccio regolabile con coulisse e chiusura<br>Cappuccio staccabile<br>Colletto interno in poliestere spazzolato<br>Zip frontale YKK\u00ae con protezione per il mento<br>Tasche laterali con cerniera YKK<br>Polsini regolabili<br>Maniche preformate per una libert\u00e0 di movimento ottimale<br>Orlo regolabile con coulisse elastica nella borsetta<br>Schienale allungato per un maggiore comfort<br>Cerniera decorativa<br>Dettagli di design riflettenti<br><br><strong>Composizione del materiale<\/strong><br>Materiale esterno: 65 % poliestere, 35 % cotone - Materiale esterno 2: 100 % poliestere - Fodera: 100 % poliestere<\/p><p><strong>Certificazioni<\/strong><br>EN 342:2017 - REFRIGERAZIONE<\/p><p><strong>In forma<\/strong><br>Regolare<\/p>","protected":false},"excerpt":{"rendered":"<p>Diese Helly Hansen Winter-Arbeitsjacke ist genauso zuverl\u00e4ssig und strapazierf\u00e4hig wie Sie selbst. Ausgestattet mit hochwertigen Details wie YKK\u00ae-Reissverschl\u00fcssen vorne und an den Taschen l\u00e4sst sich die Oxford Winter Jacket an Saum, \u00c4rmelb\u00fcndchen und Kapuze perfekt an Ihre Passform anpassen. Die Kombination aus Helly Tech\u00ae Performance-Membran und Primaloft\u00ae-Isolierung h\u00e4lt Sie bei Regen und Schnee warm, trocken [&hellip;]<\/p>\n","protected":false},"featured_media":674450,"template":"","meta":[],"product_brand":[],"product_cat":[4186],"product_tag":[],"class_list":{"0":"post-674416","1":"product","2":"type-product","3":"status-publish","4":"has-post-thumbnail","6":"product_cat-jacken","8":"first","9":"instock","10":"taxable","11":"shipping-taxable","12":"purchasable","13":"product-type-variable","14":"add-to-wishlist-before_image"},"exclude_global_add_ons":[],"addons":[],"acf":[],"_links":{"self":[{"href":"https:\/\/shop.kustom.ch\/it\/wp-json\/wp\/v2\/product\/674416"}],"collection":[{"href":"https:\/\/shop.kustom.ch\/it\/wp-json\/wp\/v2\/product"}],"about":[{"href":"https:\/\/shop.kustom.ch\/it\/wp-json\/wp\/v2\/types\/product"}],"wp:featuredmedia":[{"embeddable":true,"href":"https:\/\/shop.kustom.ch\/it\/wp-json\/wp\/v2\/media\/674450"}],"wp:attachment":[{"href":"https:\/\/shop.kustom.ch\/it\/wp-json\/wp\/v2\/media?parent=674416"}],"wp:term":[{"taxonomy":"product_brand","embeddable":true,"href":"https:\/\/shop.kustom.ch\/it\/wp-json\/wp\/v2\/product_brand?post=674416"},{"taxonomy":"product_cat","embeddable":true,"href":"https:\/\/shop.kustom.ch\/it\/wp-json\/wp\/v2\/product_cat?post=674416"},{"taxonomy":"product_tag","embeddable":true,"href":"https:\/\/shop.kustom.ch\/it\/wp-json\/wp\/v2\/product_tag?post=674416"}],"curies":[{"name":"wp","href":"https:\/\/api.w.org\/{rel}","templated":true}]}}