{"id":674349,"date":"2025-10-14T08:44:34","date_gmt":"2025-10-14T07:44:34","guid":{"rendered":"https:\/\/shop.kustom.ch\/?post_type=product&#038;p=674349"},"modified":"2025-10-14T08:54:56","modified_gmt":"2025-10-14T07:54:56","slug":"craft-adv-essence-warm-vest-2-men","status":"publish","type":"product","link":"https:\/\/shop.kustom.ch\/it\/prodotto\/craft-adv-essence-warm-vest-2-men\/","title":{"rendered":"Craft ADV Essence Gilet caldo 2 Uomo"},"content":{"rendered":"<p>L'Adv Essence Warm Vest 2 \u00e8 un caldo gilet multisport perfetto da indossare sopra o sotto i vestiti durante l'allenamento in autunno e in inverno.<\/p>\n<p>Questo versatile gilet da allenamento \u00e8 caratterizzato da un leggero isolamento sul davanti e sulla parte superiore della schiena, da un pile spazzolato sul retro e da un jersey elasticizzato sui lati per una libert\u00e0 di movimento ottimale. Il gilet \u00e8 inoltre dotato di un elastico in vita per una vestibilit\u00e0 perfetta e di due tasche laterali con zip.<\/p>\n<p>Materiale:<br \/>\nCorpo anteriore 86% poliammide riciclata, 14% elastan, imbottitura 100% poliestere riciclato<br \/>\nCorpo posteriore 77% Poliestere riciclato, 23% Elastam<\/p>","protected":false},"excerpt":{"rendered":"<p>Die Adv Essence Warm Vest 2 ist eine warme Multisportweste, die sich perfekt zum \u00dcber- oder Unterziehen beim Training im Herbst und Winter eignet. Diese vielseitige Trainingsweste verf\u00fcgt \u00fcber eine leichte Isolierung vorne und oben am R\u00fccken, geb\u00fcrstetes Fleece auf der R\u00fcckseite und elastisches Jersey an den Seiten f\u00fcr optimale Bewegungsfreiheit. Dar\u00fcber hinaus verf\u00fcgt die [&hellip;]<\/p>\n","protected":false},"featured_media":674366,"template":"","meta":[],"product_brand":[],"product_cat":[6364],"product_tag":[],"class_list":{"0":"post-674349","1":"product","2":"type-product","3":"status-publish","4":"has-post-thumbnail","6":"product_cat-talent-campus","8":"first","9":"instock","10":"taxable","11":"shipping-taxable","12":"purchasable","13":"product-type-variable","14":"add-to-wishlist-before_image"},"exclude_global_add_ons":[],"addons":[],"acf":[],"_links":{"self":[{"href":"https:\/\/shop.kustom.ch\/it\/wp-json\/wp\/v2\/product\/674349"}],"collection":[{"href":"https:\/\/shop.kustom.ch\/it\/wp-json\/wp\/v2\/product"}],"about":[{"href":"https:\/\/shop.kustom.ch\/it\/wp-json\/wp\/v2\/types\/product"}],"wp:featuredmedia":[{"embeddable":true,"href":"https:\/\/shop.kustom.ch\/it\/wp-json\/wp\/v2\/media\/674366"}],"wp:attachment":[{"href":"https:\/\/shop.kustom.ch\/it\/wp-json\/wp\/v2\/media?parent=674349"}],"wp:term":[{"taxonomy":"product_brand","embeddable":true,"href":"https:\/\/shop.kustom.ch\/it\/wp-json\/wp\/v2\/product_brand?post=674349"},{"taxonomy":"product_cat","embeddable":true,"href":"https:\/\/shop.kustom.ch\/it\/wp-json\/wp\/v2\/product_cat?post=674349"},{"taxonomy":"product_tag","embeddable":true,"href":"https:\/\/shop.kustom.ch\/it\/wp-json\/wp\/v2\/product_tag?post=674349"}],"curies":[{"name":"wp","href":"https:\/\/api.w.org\/{rel}","templated":true}]}}