{"id":674209,"date":"2025-10-14T07:38:43","date_gmt":"2025-10-14T06:38:43","guid":{"rendered":"https:\/\/shop.kustom.ch\/?post_type=product&#038;p=674209"},"modified":"2025-10-14T08:07:39","modified_gmt":"2025-10-14T07:07:39","slug":"craft-collective-relaxed-ss-tee-men","status":"publish","type":"product","link":"https:\/\/shop.kustom.ch\/it\/prodotto\/craft-collective-relaxed-ss-tee-men\/","title":{"rendered":"Craft Collective - T-shirt rilassata Ss - Uomo"},"content":{"rendered":"<p>La Collective Relaxed Tee \u00e8 una morbida maglietta da allenamento con un design senza tempo che si adatta perfettamente sia all'allenamento che al tempo libero.<\/p>\n<p>Questa T-shirt estremamente confortevole \u00e8 realizzata in morbido misto cotone e ha una vestibilit\u00e0 rilassata per un look versatile. Questa maglietta athleisure \u00e8 la scelta perfetta per chi esige funzionalit\u00e0 e stile nella vita di tutti i giorni. Un'espressione di alta artigianalit\u00e0 fin nei minimi dettagli.<\/p>","protected":false},"excerpt":{"rendered":"<p>Das Collective Relaxed Tee ist ein weiches Trainings-T-Shirt mit zeitlosem Design, das sich nahtlos sowohl f\u00fcrs Training als auch f\u00fcr die Freizeit eignet. Dieses \u00e4usserst bequeme T-Shirt besteht aus einem weichen Baumwollmischgewebe und hat eine entspannte Passform f\u00fcr einen vielseitigen Look. Dieses T-Shirt aus dem Bereich Athleisure ist die perfekte Wahl f\u00fcr alle, die in [&hellip;]<\/p>\n","protected":false},"featured_media":674291,"template":"","meta":[],"product_brand":[],"product_cat":[6364],"product_tag":[],"class_list":{"0":"post-674209","1":"product","2":"type-product","3":"status-publish","4":"has-post-thumbnail","6":"product_cat-talent-campus","8":"first","9":"instock","10":"taxable","11":"shipping-taxable","12":"purchasable","13":"product-type-variable","14":"add-to-wishlist-before_image"},"exclude_global_add_ons":[],"addons":[],"acf":[],"_links":{"self":[{"href":"https:\/\/shop.kustom.ch\/it\/wp-json\/wp\/v2\/product\/674209"}],"collection":[{"href":"https:\/\/shop.kustom.ch\/it\/wp-json\/wp\/v2\/product"}],"about":[{"href":"https:\/\/shop.kustom.ch\/it\/wp-json\/wp\/v2\/types\/product"}],"wp:featuredmedia":[{"embeddable":true,"href":"https:\/\/shop.kustom.ch\/it\/wp-json\/wp\/v2\/media\/674291"}],"wp:attachment":[{"href":"https:\/\/shop.kustom.ch\/it\/wp-json\/wp\/v2\/media?parent=674209"}],"wp:term":[{"taxonomy":"product_brand","embeddable":true,"href":"https:\/\/shop.kustom.ch\/it\/wp-json\/wp\/v2\/product_brand?post=674209"},{"taxonomy":"product_cat","embeddable":true,"href":"https:\/\/shop.kustom.ch\/it\/wp-json\/wp\/v2\/product_cat?post=674209"},{"taxonomy":"product_tag","embeddable":true,"href":"https:\/\/shop.kustom.ch\/it\/wp-json\/wp\/v2\/product_tag?post=674209"}],"curies":[{"name":"wp","href":"https:\/\/api.w.org\/{rel}","templated":true}]}}