{"id":673761,"date":"2025-10-09T15:04:24","date_gmt":"2025-10-09T14:04:24","guid":{"rendered":"https:\/\/shop.kustom.ch\/?post_type=product&#038;p=673761"},"modified":"2025-10-14T08:56:25","modified_gmt":"2025-10-14T07:56:25","slug":"rush-2-0-ls-tee-woman","status":"publish","type":"product","link":"https:\/\/shop.kustom.ch\/it\/prodotto\/rush-2-0-ls-tee-woman\/","title":{"rendered":"Craft Rush 2.0 LS Tee Donna"},"content":{"rendered":"<p>La Rush 2.0 LS Tee \u00e8 una maglietta da allenamento a maniche lunghe, leggera e funzionale, che garantisce un efficiente trasporto dell'umidit\u00e0 e un raffreddamento ottimale durante l'atletica, la ginnastica e attivit\u00e0 simili. Realizzato in poliestere riciclato, questo capo fa parte della nuova generazione di abbigliamento sportivo a ridotto impatto ambientale.<\/p>","protected":false},"excerpt":{"rendered":"<p>La Rush 2.0 LS Tee \u00e8 una maglietta da allenamento a maniche lunghe, leggera e funzionale, che garantisce un efficiente trasporto dell'umidit\u00e0 e un raffreddamento ottimale durante l'atletica, la ginnastica e attivit\u00e0 simili. Realizzato in poliestere riciclato, questo capo fa parte della nuova generazione di abbigliamento sportivo a ridotto impatto ambientale.<\/p>","protected":false},"featured_media":640852,"template":"","meta":[],"product_brand":[],"product_cat":[6364],"product_tag":[],"class_list":{"0":"post-673761","1":"product","2":"type-product","3":"status-publish","4":"has-post-thumbnail","6":"product_cat-talent-campus","8":"first","9":"instock","10":"taxable","11":"shipping-taxable","12":"purchasable","13":"product-type-variable","14":"add-to-wishlist-before_image"},"exclude_global_add_ons":[],"addons":[],"acf":[],"_links":{"self":[{"href":"https:\/\/shop.kustom.ch\/it\/wp-json\/wp\/v2\/product\/673761"}],"collection":[{"href":"https:\/\/shop.kustom.ch\/it\/wp-json\/wp\/v2\/product"}],"about":[{"href":"https:\/\/shop.kustom.ch\/it\/wp-json\/wp\/v2\/types\/product"}],"wp:featuredmedia":[{"embeddable":true,"href":"https:\/\/shop.kustom.ch\/it\/wp-json\/wp\/v2\/media\/640852"}],"wp:attachment":[{"href":"https:\/\/shop.kustom.ch\/it\/wp-json\/wp\/v2\/media?parent=673761"}],"wp:term":[{"taxonomy":"product_brand","embeddable":true,"href":"https:\/\/shop.kustom.ch\/it\/wp-json\/wp\/v2\/product_brand?post=673761"},{"taxonomy":"product_cat","embeddable":true,"href":"https:\/\/shop.kustom.ch\/it\/wp-json\/wp\/v2\/product_cat?post=673761"},{"taxonomy":"product_tag","embeddable":true,"href":"https:\/\/shop.kustom.ch\/it\/wp-json\/wp\/v2\/product_tag?post=673761"}],"curies":[{"name":"wp","href":"https:\/\/api.w.org\/{rel}","templated":true}]}}