{"id":673421,"date":"2025-10-09T14:59:15","date_gmt":"2025-10-09T13:59:15","guid":{"rendered":"https:\/\/shop.kustom.ch\/?post_type=product&#038;p=673421"},"modified":"2025-10-09T14:59:35","modified_gmt":"2025-10-09T13:59:35","slug":"hakro-cotton-tec-bluse-women","status":"publish","type":"product","link":"https:\/\/shop.kustom.ch\/it\/prodotto\/hakro-cotton-tec-bluse-women\/","title":{"rendered":"Camicetta Hakro Cotton Tec Donna"},"content":{"rendered":"<p>Funzionale camicetta a maniche lunghe in un elegante look single jersey con un'abbottonatura di alta qualit\u00e0 e alla moda con bottoni a 4 fori extra resistenti e a prova di rottura - cuciti a croce e con doppio nodo per una maggiore tenuta.<\/p>\n<p>Materiale: maglia singola in cotone 50 % e poliestere 50 %, 185 g\/m\u00b2.<\/p>\n<p>Propriet\u00e0: Traspirante e pre-ristretto<\/p>\n<p>Stampa: Talent-Campus<\/p>","protected":false},"excerpt":{"rendered":"<p>Funktionelle lang\u00e4rmelige Bluse in edler Single-Jersey-Optik mit hochwertig verarbeiteter, modischer Knopfleiste mit extra haltbar angen\u00e4hten, bruchsicheren 4-Loch-Kn\u00f6pfen &#8211; \u00fcber Kreuz vern\u00e4ht und doppelt verknotet f\u00fcr extra festen Halt. Material: Single-Jersey aus 50 % Baumwolle und 50 % Polyester , 185 g\/m\u00b2 Eigenschaften: Atmungsaktiv und Einlaufvorbehandelt Druck: Talent-Campus<\/p>","protected":false},"featured_media":132007,"template":"","meta":[],"product_brand":[],"product_cat":[6364],"product_tag":[],"class_list":{"0":"post-673421","1":"product","2":"type-product","3":"status-publish","4":"has-post-thumbnail","6":"product_cat-talent-campus","8":"first","9":"instock","10":"taxable","11":"shipping-taxable","12":"purchasable","13":"product-type-variable","14":"add-to-wishlist-before_image"},"exclude_global_add_ons":[],"addons":[],"acf":[],"_links":{"self":[{"href":"https:\/\/shop.kustom.ch\/it\/wp-json\/wp\/v2\/product\/673421"}],"collection":[{"href":"https:\/\/shop.kustom.ch\/it\/wp-json\/wp\/v2\/product"}],"about":[{"href":"https:\/\/shop.kustom.ch\/it\/wp-json\/wp\/v2\/types\/product"}],"wp:featuredmedia":[{"embeddable":true,"href":"https:\/\/shop.kustom.ch\/it\/wp-json\/wp\/v2\/media\/132007"}],"wp:attachment":[{"href":"https:\/\/shop.kustom.ch\/it\/wp-json\/wp\/v2\/media?parent=673421"}],"wp:term":[{"taxonomy":"product_brand","embeddable":true,"href":"https:\/\/shop.kustom.ch\/it\/wp-json\/wp\/v2\/product_brand?post=673421"},{"taxonomy":"product_cat","embeddable":true,"href":"https:\/\/shop.kustom.ch\/it\/wp-json\/wp\/v2\/product_cat?post=673421"},{"taxonomy":"product_tag","embeddable":true,"href":"https:\/\/shop.kustom.ch\/it\/wp-json\/wp\/v2\/product_tag?post=673421"}],"curies":[{"name":"wp","href":"https:\/\/api.w.org\/{rel}","templated":true}]}}