{"id":673199,"date":"2025-09-25T19:42:24","date_gmt":"2025-09-25T18:42:24","guid":{"rendered":"https:\/\/shop.kustom.ch\/?post_type=product&#038;p=673199"},"modified":"2025-10-08T08:55:05","modified_gmt":"2025-10-08T07:55:05","slug":"trainingsshort-dynamic-2","status":"publish","type":"product","link":"https:\/\/shop.kustom.ch\/it\/prodotto\/trainingsshort-dynamic-2\/","title":{"rendered":"Pantaloncini da allenamento dinamici"},"content":{"rendered":"<p>Vestibilit\u00e0 da uomo. I pantaloncini da allenamento Dynamic sono la scelta perfetta per ogni sessione di allenamento o per le calde giornate estive. Grazie all'innovativa tecnologia Keep Dry, la pelle rimane piacevolmente asciutta anche durante gli allenamenti pi\u00f9 intensi. La vita elasticizzata in due pezzi con coulisse garantisce una vestibilit\u00e0 confortevole e una tenuta sicura, indipendentemente dalla vostra attivit\u00e0 fisica. Un vero vantaggio per l'ambiente: 100 % dei materiali utilizzati sono prodotti con tessuti riciclati. I pantaloncini da allenamento Dynamic combinano sostenibilit\u00e0 e prestazioni in un design moderno.<\/p>","protected":false},"excerpt":{"rendered":"<p>Colore: nero<\/p>","protected":false},"featured_media":673015,"template":"","meta":[],"product_brand":[],"product_cat":[12559],"product_tag":[],"class_list":{"0":"post-673199","1":"product","2":"type-product","3":"status-publish","4":"has-post-thumbnail","6":"product_cat-wettkampf-zusatzausstattung","8":"first","9":"instock","10":"taxable","11":"shipping-taxable","12":"purchasable","13":"product-type-variable","14":"add-to-wishlist-before_image"},"exclude_global_add_ons":[],"addons":[],"acf":[],"_links":{"self":[{"href":"https:\/\/shop.kustom.ch\/it\/wp-json\/wp\/v2\/product\/673199"}],"collection":[{"href":"https:\/\/shop.kustom.ch\/it\/wp-json\/wp\/v2\/product"}],"about":[{"href":"https:\/\/shop.kustom.ch\/it\/wp-json\/wp\/v2\/types\/product"}],"wp:featuredmedia":[{"embeddable":true,"href":"https:\/\/shop.kustom.ch\/it\/wp-json\/wp\/v2\/media\/673015"}],"wp:attachment":[{"href":"https:\/\/shop.kustom.ch\/it\/wp-json\/wp\/v2\/media?parent=673199"}],"wp:term":[{"taxonomy":"product_brand","embeddable":true,"href":"https:\/\/shop.kustom.ch\/it\/wp-json\/wp\/v2\/product_brand?post=673199"},{"taxonomy":"product_cat","embeddable":true,"href":"https:\/\/shop.kustom.ch\/it\/wp-json\/wp\/v2\/product_cat?post=673199"},{"taxonomy":"product_tag","embeddable":true,"href":"https:\/\/shop.kustom.ch\/it\/wp-json\/wp\/v2\/product_tag?post=673199"}],"curies":[{"name":"wp","href":"https:\/\/api.w.org\/{rel}","templated":true}]}}