{"id":673170,"date":"2025-09-25T19:41:50","date_gmt":"2025-09-25T18:41:50","guid":{"rendered":"https:\/\/shop.kustom.ch\/?post_type=product&#038;p=673170"},"modified":"2025-10-08T08:58:05","modified_gmt":"2025-10-08T07:58:05","slug":"polo-dynamic-2","status":"publish","type":"product","link":"https:\/\/shop.kustom.ch\/it\/prodotto\/polo-dynamic-2\/","title":{"rendered":"Polo Dynamic"},"content":{"rendered":"<p>Vestibilit\u00e0 maschile. La Polo Dynamic \u00e8 pi\u00f9 di una semplice polo: \u00e8 la vostra dichiarazione di stile, funzionalit\u00e0 e sostenibilit\u00e0. Grazie ai moderni dettagli a contrasto sul colletto e sui polsini, potrete aggiungere un tocco di moda senza compromettere il comfort. Grazie alla tecnologia Keep Dry, rimarrete asciutti tutto il giorno, indipendentemente dall'intensit\u00e0 della vostra routine quotidiana. Particolarmente interessante: il 100 % dei materiali utilizzati \u00e8 costituito da poliestere riciclato. Ci\u00f2 significa che non solo aiutate l'ambiente, ma vi sentite anche completamente a vostro agio nella vostra pelle.<\/p>","protected":false},"excerpt":{"rendered":"<p>Colore: verde\/bianco\/verde scuro<\/p>","protected":false},"featured_media":673014,"template":"","meta":[],"product_brand":[],"product_cat":[12559],"product_tag":[],"class_list":{"0":"post-673170","1":"product","2":"type-product","3":"status-publish","4":"has-post-thumbnail","6":"product_cat-wettkampf-zusatzausstattung","8":"first","9":"instock","10":"taxable","11":"shipping-taxable","12":"purchasable","13":"product-type-variable","14":"add-to-wishlist-before_image"},"exclude_global_add_ons":[],"addons":[],"acf":[],"_links":{"self":[{"href":"https:\/\/shop.kustom.ch\/it\/wp-json\/wp\/v2\/product\/673170"}],"collection":[{"href":"https:\/\/shop.kustom.ch\/it\/wp-json\/wp\/v2\/product"}],"about":[{"href":"https:\/\/shop.kustom.ch\/it\/wp-json\/wp\/v2\/types\/product"}],"wp:featuredmedia":[{"embeddable":true,"href":"https:\/\/shop.kustom.ch\/it\/wp-json\/wp\/v2\/media\/673014"}],"wp:attachment":[{"href":"https:\/\/shop.kustom.ch\/it\/wp-json\/wp\/v2\/media?parent=673170"}],"wp:term":[{"taxonomy":"product_brand","embeddable":true,"href":"https:\/\/shop.kustom.ch\/it\/wp-json\/wp\/v2\/product_brand?post=673170"},{"taxonomy":"product_cat","embeddable":true,"href":"https:\/\/shop.kustom.ch\/it\/wp-json\/wp\/v2\/product_cat?post=673170"},{"taxonomy":"product_tag","embeddable":true,"href":"https:\/\/shop.kustom.ch\/it\/wp-json\/wp\/v2\/product_tag?post=673170"}],"curies":[{"name":"wp","href":"https:\/\/api.w.org\/{rel}","templated":true}]}}