{"id":673169,"date":"2025-09-25T19:41:50","date_gmt":"2025-09-25T18:41:50","guid":{"rendered":"https:\/\/shop.kustom.ch\/?post_type=product&#038;p=673169"},"modified":"2025-10-08T08:55:47","modified_gmt":"2025-10-08T07:55:47","slug":"damen-trainingsshort-dynamic","status":"publish","type":"product","link":"https:\/\/shop.kustom.ch\/it\/prodotto\/damen-trainingsshort-dynamic\/","title":{"rendered":"Pantaloncini da allenamento da donna Dynamic"},"content":{"rendered":"<p>Vestibilit\u00e0 femminile. I pantaloncini da allenamento Dynamic da donna sono i vostri nuovi preferiti per lo sport e il tempo libero. Grazie all'elastico in due parti della vita e alla coulisse, si adattano sempre perfettamente, sia che si tratti di allenamento, jogging o relax. La tecnologia Keep Dry garantisce una piacevole asciugatura anche durante le sessioni di allenamento pi\u00f9 intense. Questi pantaloncini sono anche un esempio di sostenibilit\u00e0: almeno il 50 % dei materiali utilizzati \u00e8 costituito da poliestere riciclato. Leggeri, flessibili e dal design moderno, questi pantaloncini da allenamento combinano funzionalit\u00e0 e stile per ogni occasione.<\/p>","protected":false},"excerpt":{"rendered":"<p>Colore: nero<\/p>","protected":false},"featured_media":673018,"template":"","meta":[],"product_brand":[],"product_cat":[12559],"product_tag":[],"class_list":{"0":"post-673169","1":"product","2":"type-product","3":"status-publish","4":"has-post-thumbnail","6":"product_cat-wettkampf-zusatzausstattung","8":"first","9":"instock","10":"taxable","11":"shipping-taxable","12":"purchasable","13":"product-type-variable","14":"add-to-wishlist-before_image"},"exclude_global_add_ons":[],"addons":[],"acf":[],"_links":{"self":[{"href":"https:\/\/shop.kustom.ch\/it\/wp-json\/wp\/v2\/product\/673169"}],"collection":[{"href":"https:\/\/shop.kustom.ch\/it\/wp-json\/wp\/v2\/product"}],"about":[{"href":"https:\/\/shop.kustom.ch\/it\/wp-json\/wp\/v2\/types\/product"}],"wp:featuredmedia":[{"embeddable":true,"href":"https:\/\/shop.kustom.ch\/it\/wp-json\/wp\/v2\/media\/673018"}],"wp:attachment":[{"href":"https:\/\/shop.kustom.ch\/it\/wp-json\/wp\/v2\/media?parent=673169"}],"wp:term":[{"taxonomy":"product_brand","embeddable":true,"href":"https:\/\/shop.kustom.ch\/it\/wp-json\/wp\/v2\/product_brand?post=673169"},{"taxonomy":"product_cat","embeddable":true,"href":"https:\/\/shop.kustom.ch\/it\/wp-json\/wp\/v2\/product_cat?post=673169"},{"taxonomy":"product_tag","embeddable":true,"href":"https:\/\/shop.kustom.ch\/it\/wp-json\/wp\/v2\/product_tag?post=673169"}],"curies":[{"name":"wp","href":"https:\/\/api.w.org\/{rel}","templated":true}]}}