{"id":673168,"date":"2025-09-25T19:41:50","date_gmt":"2025-09-25T18:41:50","guid":{"rendered":"https:\/\/shop.kustom.ch\/?post_type=product&#038;p=673168"},"modified":"2025-10-08T08:52:53","modified_gmt":"2025-10-08T07:52:53","slug":"damen-trainingshose-dynamic","status":"publish","type":"product","link":"https:\/\/shop.kustom.ch\/it\/prodotto\/damen-trainingshose-dynamic\/","title":{"rendered":"Pantaloni da allenamento da donna Dynamic"},"content":{"rendered":"<p>Vestibilit\u00e0 femminile. I pantaloni da allenamento Dynamic da donna sono la scelta ideale per le donne che cercano comfort, funzionalit\u00e0 e stile in un unico capo. Grazie alla loro vita elasticizzata in due pezzi con coulisse, si adattano perfettamente alle vostre esigenze e offrono una vestibilit\u00e0 sicura per qualsiasi attivit\u00e0. Grazie all'innovativa tecnologia Keep Dry, rimarrete piacevolmente asciutte e fresche anche durante gli allenamenti pi\u00f9 intensi. Un vantaggio per l'ambiente: i pantaloni sono realizzati con almeno il 50 di poliestere riciclato %, il che li rende una scelta sostenibile e duratura. Che siate in allenamento, sul divano o in giro, questi pantaloni fanno bella figura ovunque.<\/p>","protected":false},"excerpt":{"rendered":"<p>Colore: nero<\/p>","protected":false},"featured_media":673016,"template":"","meta":[],"product_brand":[],"product_cat":[12559],"product_tag":[],"class_list":{"0":"post-673168","1":"product","2":"type-product","3":"status-publish","4":"has-post-thumbnail","6":"product_cat-wettkampf-zusatzausstattung","8":"first","9":"instock","10":"taxable","11":"shipping-taxable","12":"purchasable","13":"product-type-variable","14":"add-to-wishlist-before_image"},"exclude_global_add_ons":[],"addons":[],"acf":[],"_links":{"self":[{"href":"https:\/\/shop.kustom.ch\/it\/wp-json\/wp\/v2\/product\/673168"}],"collection":[{"href":"https:\/\/shop.kustom.ch\/it\/wp-json\/wp\/v2\/product"}],"about":[{"href":"https:\/\/shop.kustom.ch\/it\/wp-json\/wp\/v2\/types\/product"}],"wp:featuredmedia":[{"embeddable":true,"href":"https:\/\/shop.kustom.ch\/it\/wp-json\/wp\/v2\/media\/673016"}],"wp:attachment":[{"href":"https:\/\/shop.kustom.ch\/it\/wp-json\/wp\/v2\/media?parent=673168"}],"wp:term":[{"taxonomy":"product_brand","embeddable":true,"href":"https:\/\/shop.kustom.ch\/it\/wp-json\/wp\/v2\/product_brand?post=673168"},{"taxonomy":"product_cat","embeddable":true,"href":"https:\/\/shop.kustom.ch\/it\/wp-json\/wp\/v2\/product_cat?post=673168"},{"taxonomy":"product_tag","embeddable":true,"href":"https:\/\/shop.kustom.ch\/it\/wp-json\/wp\/v2\/product_tag?post=673168"}],"curies":[{"name":"wp","href":"https:\/\/api.w.org\/{rel}","templated":true}]}}