{"id":673165,"date":"2025-09-25T19:41:50","date_gmt":"2025-09-25T18:41:50","guid":{"rendered":"https:\/\/shop.kustom.ch\/?post_type=product&#038;p=673165"},"modified":"2025-10-08T08:45:54","modified_gmt":"2025-10-08T07:45:54","slug":"polyesterjacke-dynamic-3","status":"publish","type":"product","link":"https:\/\/shop.kustom.ch\/it\/prodotto\/polyesterjacke-dynamic-3\/","title":{"rendered":"Giacca in poliestere dinamico"},"content":{"rendered":"<p>Vestibilit\u00e0 da uomo. La giacca Dynamic in poliestere combina un design moderno con caratteristiche pratiche e materiali sostenibili. Con il colletto e le maniche a contrasto, la giacca aggiunge accenti di stile che valorizzano il vostro look, sia che vi stiate allenando, che stiate andando a giocare o nel tempo libero. Grazie alla tecnologia Keep Dry, rimarrete piacevolmente asciutti anche durante le attivit\u00e0 pi\u00f9 intense. Le tasche laterali con cerniera offrono ampio spazio per i vostri oggetti essenziali e assicurano che tutto sia riposto in modo sicuro. Particolarmente interessante: il 100 % dei materiali utilizzati \u00e8 costituito da tessuti riciclati, per dare un contributo all'ambiente senza compromettere la qualit\u00e0. Questa giacca \u00e8 la compagna perfetta per lo sport e la vita quotidiana.<\/p>","protected":false},"excerpt":{"rendered":"<p>Colore: verde\/bianco\/verde scuro<\/p>","protected":false},"featured_media":673024,"template":"","meta":[],"product_brand":[],"product_cat":[12558],"product_tag":[],"class_list":{"0":"post-673165","1":"product","2":"type-product","3":"status-publish","4":"has-post-thumbnail","6":"product_cat-wettkampf-grundausstattung","8":"first","9":"instock","10":"taxable","11":"shipping-taxable","12":"purchasable","13":"product-type-variable","14":"add-to-wishlist-before_image"},"exclude_global_add_ons":[],"addons":[],"acf":[],"_links":{"self":[{"href":"https:\/\/shop.kustom.ch\/it\/wp-json\/wp\/v2\/product\/673165"}],"collection":[{"href":"https:\/\/shop.kustom.ch\/it\/wp-json\/wp\/v2\/product"}],"about":[{"href":"https:\/\/shop.kustom.ch\/it\/wp-json\/wp\/v2\/types\/product"}],"wp:featuredmedia":[{"embeddable":true,"href":"https:\/\/shop.kustom.ch\/it\/wp-json\/wp\/v2\/media\/673024"}],"wp:attachment":[{"href":"https:\/\/shop.kustom.ch\/it\/wp-json\/wp\/v2\/media?parent=673165"}],"wp:term":[{"taxonomy":"product_brand","embeddable":true,"href":"https:\/\/shop.kustom.ch\/it\/wp-json\/wp\/v2\/product_brand?post=673165"},{"taxonomy":"product_cat","embeddable":true,"href":"https:\/\/shop.kustom.ch\/it\/wp-json\/wp\/v2\/product_cat?post=673165"},{"taxonomy":"product_tag","embeddable":true,"href":"https:\/\/shop.kustom.ch\/it\/wp-json\/wp\/v2\/product_tag?post=673165"}],"curies":[{"name":"wp","href":"https:\/\/api.w.org\/{rel}","templated":true}]}}