{"id":673164,"date":"2025-09-25T19:41:50","date_gmt":"2025-09-25T18:41:50","guid":{"rendered":"https:\/\/shop.kustom.ch\/?post_type=product&#038;p=673164"},"modified":"2025-10-08T08:43:54","modified_gmt":"2025-10-08T07:43:54","slug":"kapuzenjacke-dynamic-3","status":"publish","type":"product","link":"https:\/\/shop.kustom.ch\/it\/prodotto\/kapuzenjacke-dynamic-3\/","title":{"rendered":"Giacca dinamica con cappuccio"},"content":{"rendered":"<p>Vestibilit\u00e0 da uomo. La giacca con cappuccio Dynamic \u00e8 il vostro must-have per tutti i giorni: moderna, comoda e sostenibile. Con il suo elegante cappuccio e le maniche in colori a contrasto, attirer\u00e0 l'attenzione di tutti. La tecnologia Keep Dry garantisce una piacevole asciugatura anche durante le attivit\u00e0 pi\u00f9 intense. Pratiche e ben studiate: le tasche laterali con zip offrono uno spazio sicuro per riporre i vostri oggetti essenziali, sia in viaggio che in allenamento. E la cosa migliore? 100 % dei materiali utilizzati sono realizzati in poliestere riciclato, cos\u00ec non solo avrete un bell'aspetto ma farete anche la vostra parte per l'ambiente.<\/p>","protected":false},"excerpt":{"rendered":"<p>Colore: verde\/bianco\/verde scuro<\/p>","protected":false},"featured_media":673019,"template":"","meta":[],"product_brand":[],"product_cat":[12558],"product_tag":[],"class_list":{"0":"post-673164","1":"product","2":"type-product","3":"status-publish","4":"has-post-thumbnail","6":"product_cat-wettkampf-grundausstattung","8":"first","9":"instock","10":"taxable","11":"shipping-taxable","12":"purchasable","13":"product-type-variable","14":"add-to-wishlist-before_image"},"exclude_global_add_ons":[],"addons":[],"acf":[],"_links":{"self":[{"href":"https:\/\/shop.kustom.ch\/it\/wp-json\/wp\/v2\/product\/673164"}],"collection":[{"href":"https:\/\/shop.kustom.ch\/it\/wp-json\/wp\/v2\/product"}],"about":[{"href":"https:\/\/shop.kustom.ch\/it\/wp-json\/wp\/v2\/types\/product"}],"wp:featuredmedia":[{"embeddable":true,"href":"https:\/\/shop.kustom.ch\/it\/wp-json\/wp\/v2\/media\/673019"}],"wp:attachment":[{"href":"https:\/\/shop.kustom.ch\/it\/wp-json\/wp\/v2\/media?parent=673164"}],"wp:term":[{"taxonomy":"product_brand","embeddable":true,"href":"https:\/\/shop.kustom.ch\/it\/wp-json\/wp\/v2\/product_brand?post=673164"},{"taxonomy":"product_cat","embeddable":true,"href":"https:\/\/shop.kustom.ch\/it\/wp-json\/wp\/v2\/product_cat?post=673164"},{"taxonomy":"product_tag","embeddable":true,"href":"https:\/\/shop.kustom.ch\/it\/wp-json\/wp\/v2\/product_tag?post=673164"}],"curies":[{"name":"wp","href":"https:\/\/api.w.org\/{rel}","templated":true}]}}