{"id":673123,"date":"2025-09-25T19:41:14","date_gmt":"2025-09-25T18:41:14","guid":{"rendered":"https:\/\/shop.kustom.ch\/?post_type=product&#038;p=673123"},"modified":"2025-10-08T08:49:40","modified_gmt":"2025-10-08T07:49:40","slug":"damen-polyesterjacke-dynamic","status":"publish","type":"product","link":"https:\/\/shop.kustom.ch\/it\/prodotto\/damen-polyesterjacke-dynamic\/","title":{"rendered":"Giacca da donna in poliestere Dynamic"},"content":{"rendered":"<p>Vestibilit\u00e0 femminile. La giacca Dynamic da donna in poliestere combina funzionalit\u00e0 e design moderno. Il colletto e le maniche con colori a contrasto sono una dichiarazione di moda, perfetta per lo sport, il tempo libero o in viaggio. Le pratiche tasche laterali con zip offrono uno spazio sicuro per chiavi, smartphone o altri oggetti essenziali. Grazie alla tecnologia Keep Dry, rimarrete asciutti e comodi anche nei momenti di attivit\u00e0. E soprattutto, questa giacca \u00e8 realizzata con 100 tessuti riciclati % - sostenibile, senza compromettere la qualit\u00e0 o lo stile.<\/p>","protected":false},"excerpt":{"rendered":"<p>Colore: verde\/bianco\/verde scuro<\/p>","protected":false},"featured_media":673023,"template":"","meta":[],"product_brand":[],"product_cat":[12558],"product_tag":[],"class_list":{"0":"post-673123","1":"product","2":"type-product","3":"status-publish","4":"has-post-thumbnail","6":"product_cat-wettkampf-grundausstattung","8":"first","9":"instock","10":"taxable","11":"shipping-taxable","12":"purchasable","13":"product-type-variable","14":"add-to-wishlist-before_image"},"exclude_global_add_ons":[],"addons":[],"acf":[],"_links":{"self":[{"href":"https:\/\/shop.kustom.ch\/it\/wp-json\/wp\/v2\/product\/673123"}],"collection":[{"href":"https:\/\/shop.kustom.ch\/it\/wp-json\/wp\/v2\/product"}],"about":[{"href":"https:\/\/shop.kustom.ch\/it\/wp-json\/wp\/v2\/types\/product"}],"wp:featuredmedia":[{"embeddable":true,"href":"https:\/\/shop.kustom.ch\/it\/wp-json\/wp\/v2\/media\/673023"}],"wp:attachment":[{"href":"https:\/\/shop.kustom.ch\/it\/wp-json\/wp\/v2\/media?parent=673123"}],"wp:term":[{"taxonomy":"product_brand","embeddable":true,"href":"https:\/\/shop.kustom.ch\/it\/wp-json\/wp\/v2\/product_brand?post=673123"},{"taxonomy":"product_cat","embeddable":true,"href":"https:\/\/shop.kustom.ch\/it\/wp-json\/wp\/v2\/product_cat?post=673123"},{"taxonomy":"product_tag","embeddable":true,"href":"https:\/\/shop.kustom.ch\/it\/wp-json\/wp\/v2\/product_tag?post=673123"}],"curies":[{"name":"wp","href":"https:\/\/api.w.org\/{rel}","templated":true}]}}